{"id":987499812,"date":"2023-04-26T08:06:21","date_gmt":"2023-04-26T08:06:21","guid":{"rendered":"https:\/\/xplorariviera.com\/coco-bongo-excursion-in-punta-cana\/"},"modified":"2025-08-20T16:27:39","modified_gmt":"2025-08-20T16:27:39","slug":"coco-bongo-punta-cana","status":"publish","type":"product","link":"https:\/\/xplora.smartclick.es\/en\/coco-bongo-punta-cana\/","title":{"rendered":"[English] Excursi\u00f3n a Coco Bongo en Punta Cana"},"content":{"rendered":"<p>[English] <\/p>\n<p class=\"indumen\">Este tour te llevar\u00e1 a disfrutar de una noche \u00fanica en Coco Bongo, la mejor discoteca de Punta Cana.<\/p>\n<p class=\"indumen\">Espect\u00e1culos en vivo ambientados en diferentes grupos musicales y pel\u00edculas como La M\u00e1scara, Spiderman y Queen entre muchos otros. Cuenta con un gran grupo de animaci\u00f3n con acr\u00f3batas, actores y bailarines. Adem\u00e1s, entre los espect\u00e1culos no falta la m\u00fasica y bebida.<\/p>\n<p class=\"indumen\">Podr\u00e1s elegir la entrada que m\u00e1s se adapte a tus preferencias.<br \/>\nVen a pas\u00e1rtelo bien!<\/p>\n<p><strong>DRINK PACK<\/strong>\u00a0<em>(Martes y Mi\u00e9rcoles)<\/em><strong>:<\/strong>\u00a0transporte de ida y vuelta, 5 bebidas nacionales, ticket de entrada y show en vivo<\/p>\n<p><strong>ENTRADA REGULAR:\u00a0<\/strong>transporte de ida y vuelta, barra libre nacional, ticket de entrada y show en vivo<\/p>\n<p><strong>GOLD MEMBER:\u00a0<\/strong>transporte de ida y vuelta, barra libre Premium, ticket de entrada preferencial y show en vivo<\/p>\n<p><strong>FRONT ROW:<\/strong>\u00a0transporte de ida y vuelta, barra libre Premium, ticket de entrada preferencial, asientos reservados en zona preferencial, capacidad limitada en tu zona y show en vivo<\/p>\n","protected":false},"excerpt":{"rendered":"<p>[English] Disfruta de una experiencia \u00fanica con el mejor show en Rep\u00fablica Dominicana.<br \/>\nUna noche de diversi\u00f3n, espect\u00e1culos en vivo, m\u00fasica y buen ambiente! No te puedes perder la fiesta en una de las discotecas m\u00e1s famosas de Punta Cana.<\/p>\n","protected":false},"featured_media":987498791,"template":"","meta":{"_acf_changed":false,"_et_pb_use_builder":"","_et_pb_old_content":"[English] ","_et_gb_content_width":"","inline_featured_image":false,"_joinchat":[]},"product_brand":[],"product_cat":[154,153],"product_tag":[156],"class_list":{"0":"post-987499812","1":"product","2":"type-product","3":"status-publish","4":"has-post-thumbnail","6":"product_cat-adventure","7":"product_cat-excursions-in-punta-cana","8":"product_tag-not-bookable","10":"first","11":"outofstock","12":"shipping-taxable","13":"product-type-simple"},"acf":[],"yoast_head":"<!-- This site is optimized with the Yoast SEO plugin v25.7 - https:\/\/yoast.com\/wordpress\/plugins\/seo\/ -->\n<title>Coco Bongo Punta Cana Excursions with Tickets and Transfer - Xplora Riviera<\/title>\n<meta name=\"description\" content=\"Discover the best nightclub in the Dominican Republic: Coco Bongo in Punta Cana. Enjoy a special night with transportation and tickets included!\" \/>\n<meta name=\"robots\" content=\"index, follow, max-snippet:-1, max-image-preview:large, max-video-preview:-1\" \/>\n<link rel=\"canonical\" href=\"https:\/\/xplora.smartclick.es\/en\/coco-bongo-punta-cana\/\" \/>\n<meta property=\"og:locale\" content=\"en_US\" \/>\n<meta property=\"og:type\" content=\"article\" \/>\n<meta property=\"og:title\" content=\"Coco Bongo Punta Cana Excursions with Tickets and Transfer - Xplora Riviera\" \/>\n<meta property=\"og:description\" content=\"Discover the best nightclub in the Dominican Republic: Coco Bongo in Punta Cana. Enjoy a special night with transportation and tickets included!\" \/>\n<meta property=\"og:url\" content=\"https:\/\/xplora.smartclick.es\/en\/coco-bongo-punta-cana\/\" \/>\n<meta property=\"og:site_name\" content=\"Xplora Riviera\" \/>\n<meta property=\"article:publisher\" content=\"https:\/\/www.facebook.com\/Xplora-Riviera-312871735912609\" \/>\n<meta property=\"article:modified_time\" content=\"2025-08-20T16:27:39+00:00\" \/>\n<meta property=\"og:image\" content=\"https:\/\/xplora.smartclick.es\/wp-content\/uploads\/2023\/04\/cocobongo-puntacana-portada.jpg\" \/>\n\t<meta property=\"og:image:width\" content=\"329\" \/>\n\t<meta property=\"og:image:height\" content=\"550\" \/>\n\t<meta property=\"og:image:type\" content=\"image\/jpeg\" \/>\n<meta name=\"twitter:card\" content=\"summary_large_image\" \/>\n<meta name=\"twitter:label1\" content=\"Est. reading time\" \/>\n\t<meta name=\"twitter:data1\" content=\"1 minute\" \/>\n<script type=\"application\/ld+json\" class=\"yoast-schema-graph\">{\"@context\":\"https:\/\/schema.org\",\"@graph\":[{\"@type\":\"WebPage\",\"@id\":\"https:\/\/xplora.smartclick.es\/en\/coco-bongo-punta-cana\/\",\"url\":\"https:\/\/xplora.smartclick.es\/en\/coco-bongo-punta-cana\/\",\"name\":\"Coco Bongo Punta Cana Excursions with Tickets and Transfer - Xplora Riviera\",\"isPartOf\":{\"@id\":\"https:\/\/xplora.smartclick.es\/#website\"},\"primaryImageOfPage\":{\"@id\":\"https:\/\/xplora.smartclick.es\/en\/coco-bongo-punta-cana\/#primaryimage\"},\"image\":{\"@id\":\"https:\/\/xplora.smartclick.es\/en\/coco-bongo-punta-cana\/#primaryimage\"},\"thumbnailUrl\":\"https:\/\/xplora.smartclick.es\/wp-content\/uploads\/2023\/04\/cocobongo-puntacana-portada.jpg\",\"datePublished\":\"2023-04-26T08:06:21+00:00\",\"dateModified\":\"2025-08-20T16:27:39+00:00\",\"description\":\"Discover the best nightclub in the Dominican Republic: Coco Bongo in Punta Cana. Enjoy a special night with transportation and tickets included!\",\"breadcrumb\":{\"@id\":\"https:\/\/xplora.smartclick.es\/en\/coco-bongo-punta-cana\/#breadcrumb\"},\"inLanguage\":\"en-US\",\"potentialAction\":[{\"@type\":\"ReadAction\",\"target\":[\"https:\/\/xplora.smartclick.es\/en\/coco-bongo-punta-cana\/\"]}]},{\"@type\":\"ImageObject\",\"inLanguage\":\"en-US\",\"@id\":\"https:\/\/xplora.smartclick.es\/en\/coco-bongo-punta-cana\/#primaryimage\",\"url\":\"https:\/\/xplora.smartclick.es\/wp-content\/uploads\/2023\/04\/cocobongo-puntacana-portada.jpg\",\"contentUrl\":\"https:\/\/xplora.smartclick.es\/wp-content\/uploads\/2023\/04\/cocobongo-puntacana-portada.jpg\",\"width\":329,\"height\":550},{\"@type\":\"BreadcrumbList\",\"@id\":\"https:\/\/xplora.smartclick.es\/en\/coco-bongo-punta-cana\/#breadcrumb\",\"itemListElement\":[{\"@type\":\"ListItem\",\"position\":1,\"name\":\"[English] INICIO\",\"item\":\"https:\/\/xplora.smartclick.es\/en\/inicio\/\"},{\"@type\":\"ListItem\",\"position\":2,\"name\":\"Tienda\",\"item\":\"https:\/\/xplora.smartclick.es\/?page_id=587\"},{\"@type\":\"ListItem\",\"position\":3,\"name\":\"Excursiones en Punta Cana\",\"item\":\"https:\/\/xplora.smartclick.es\/excursiones-punta-cana\/\"},{\"@type\":\"ListItem\",\"position\":4,\"name\":\"[English] Excursi\u00f3n a Coco Bongo en Punta Cana\"}]},{\"@type\":\"WebSite\",\"@id\":\"https:\/\/xplora.smartclick.es\/#website\",\"url\":\"https:\/\/xplora.smartclick.es\/\",\"name\":\"Xplora Riviera\",\"description\":\"Tours y Aventura en Riviera Maya y Punta Cana\",\"publisher\":{\"@id\":\"https:\/\/xplora.smartclick.es\/#organization\"},\"potentialAction\":[{\"@type\":\"SearchAction\",\"target\":{\"@type\":\"EntryPoint\",\"urlTemplate\":\"https:\/\/xplora.smartclick.es\/?s={search_term_string}\"},\"query-input\":{\"@type\":\"PropertyValueSpecification\",\"valueRequired\":true,\"valueName\":\"search_term_string\"}}],\"inLanguage\":\"en-US\"},{\"@type\":\"Organization\",\"@id\":\"https:\/\/xplora.smartclick.es\/#organization\",\"name\":\"[English] Excursiones Riviera Maya Xplora Riviera\",\"url\":\"https:\/\/xplora.smartclick.es\/\",\"logo\":{\"@type\":\"ImageObject\",\"inLanguage\":\"en-US\",\"@id\":\"https:\/\/xplora.smartclick.es\/#\/schema\/logo\/image\/\",\"url\":\"\",\"contentUrl\":\"\",\"caption\":\"[English] Excursiones Riviera Maya Xplora Riviera\"},\"image\":{\"@id\":\"https:\/\/xplora.smartclick.es\/#\/schema\/logo\/image\/\"},\"sameAs\":[\"https:\/\/www.facebook.com\/Xplora-Riviera-312871735912609\",\"https:\/\/www.instagram.com\/xplora_riviera\/\"]}]}<\/script>\n<!-- \/ Yoast SEO plugin. -->","yoast_head_json":{"title":"Coco Bongo Punta Cana Excursions with Tickets and Transfer - Xplora Riviera","description":"Discover the best nightclub in the Dominican Republic: Coco Bongo in Punta Cana. Enjoy a special night with transportation and tickets included!","robots":{"index":"index","follow":"follow","max-snippet":"max-snippet:-1","max-image-preview":"max-image-preview:large","max-video-preview":"max-video-preview:-1"},"canonical":"https:\/\/xplora.smartclick.es\/en\/coco-bongo-punta-cana\/","og_locale":"en_US","og_type":"article","og_title":"Coco Bongo Punta Cana Excursions with Tickets and Transfer - Xplora Riviera","og_description":"Discover the best nightclub in the Dominican Republic: Coco Bongo in Punta Cana. Enjoy a special night with transportation and tickets included!","og_url":"https:\/\/xplora.smartclick.es\/en\/coco-bongo-punta-cana\/","og_site_name":"Xplora Riviera","article_publisher":"https:\/\/www.facebook.com\/Xplora-Riviera-312871735912609","article_modified_time":"2025-08-20T16:27:39+00:00","og_image":[{"width":329,"height":550,"url":"https:\/\/xplora.smartclick.es\/wp-content\/uploads\/2023\/04\/cocobongo-puntacana-portada.jpg","type":"image\/jpeg"}],"twitter_card":"summary_large_image","twitter_misc":{"Est. reading time":"1 minute"},"schema":{"@context":"https:\/\/schema.org","@graph":[{"@type":"WebPage","@id":"https:\/\/xplora.smartclick.es\/en\/coco-bongo-punta-cana\/","url":"https:\/\/xplora.smartclick.es\/en\/coco-bongo-punta-cana\/","name":"Coco Bongo Punta Cana Excursions with Tickets and Transfer - Xplora Riviera","isPartOf":{"@id":"https:\/\/xplora.smartclick.es\/#website"},"primaryImageOfPage":{"@id":"https:\/\/xplora.smartclick.es\/en\/coco-bongo-punta-cana\/#primaryimage"},"image":{"@id":"https:\/\/xplora.smartclick.es\/en\/coco-bongo-punta-cana\/#primaryimage"},"thumbnailUrl":"https:\/\/xplora.smartclick.es\/wp-content\/uploads\/2023\/04\/cocobongo-puntacana-portada.jpg","datePublished":"2023-04-26T08:06:21+00:00","dateModified":"2025-08-20T16:27:39+00:00","description":"Discover the best nightclub in the Dominican Republic: Coco Bongo in Punta Cana. Enjoy a special night with transportation and tickets included!","breadcrumb":{"@id":"https:\/\/xplora.smartclick.es\/en\/coco-bongo-punta-cana\/#breadcrumb"},"inLanguage":"en-US","potentialAction":[{"@type":"ReadAction","target":["https:\/\/xplora.smartclick.es\/en\/coco-bongo-punta-cana\/"]}]},{"@type":"ImageObject","inLanguage":"en-US","@id":"https:\/\/xplora.smartclick.es\/en\/coco-bongo-punta-cana\/#primaryimage","url":"https:\/\/xplora.smartclick.es\/wp-content\/uploads\/2023\/04\/cocobongo-puntacana-portada.jpg","contentUrl":"https:\/\/xplora.smartclick.es\/wp-content\/uploads\/2023\/04\/cocobongo-puntacana-portada.jpg","width":329,"height":550},{"@type":"BreadcrumbList","@id":"https:\/\/xplora.smartclick.es\/en\/coco-bongo-punta-cana\/#breadcrumb","itemListElement":[{"@type":"ListItem","position":1,"name":"[English] INICIO","item":"https:\/\/xplora.smartclick.es\/en\/inicio\/"},{"@type":"ListItem","position":2,"name":"Tienda","item":"https:\/\/xplora.smartclick.es\/?page_id=587"},{"@type":"ListItem","position":3,"name":"Excursiones en Punta Cana","item":"https:\/\/xplora.smartclick.es\/excursiones-punta-cana\/"},{"@type":"ListItem","position":4,"name":"[English] Excursi\u00f3n a Coco Bongo en Punta Cana"}]},{"@type":"WebSite","@id":"https:\/\/xplora.smartclick.es\/#website","url":"https:\/\/xplora.smartclick.es\/","name":"Xplora Riviera","description":"Tours y Aventura en Riviera Maya y Punta Cana","publisher":{"@id":"https:\/\/xplora.smartclick.es\/#organization"},"potentialAction":[{"@type":"SearchAction","target":{"@type":"EntryPoint","urlTemplate":"https:\/\/xplora.smartclick.es\/?s={search_term_string}"},"query-input":{"@type":"PropertyValueSpecification","valueRequired":true,"valueName":"search_term_string"}}],"inLanguage":"en-US"},{"@type":"Organization","@id":"https:\/\/xplora.smartclick.es\/#organization","name":"[English] Excursiones Riviera Maya Xplora Riviera","url":"https:\/\/xplora.smartclick.es\/","logo":{"@type":"ImageObject","inLanguage":"en-US","@id":"https:\/\/xplora.smartclick.es\/#\/schema\/logo\/image\/","url":"","contentUrl":"","caption":"[English] Excursiones Riviera Maya Xplora Riviera"},"image":{"@id":"https:\/\/xplora.smartclick.es\/#\/schema\/logo\/image\/"},"sameAs":["https:\/\/www.facebook.com\/Xplora-Riviera-312871735912609","https:\/\/www.instagram.com\/xplora_riviera\/"]}]}},"_links":{"self":[{"href":"https:\/\/xplora.smartclick.es\/en\/wp-json\/wp\/v2\/product\/987499812","targetHints":{"allow":["GET"]}}],"collection":[{"href":"https:\/\/xplora.smartclick.es\/en\/wp-json\/wp\/v2\/product"}],"about":[{"href":"https:\/\/xplora.smartclick.es\/en\/wp-json\/wp\/v2\/types\/product"}],"wp:featuredmedia":[{"embeddable":true,"href":"https:\/\/xplora.smartclick.es\/en\/wp-json\/wp\/v2\/media\/987498791"}],"wp:attachment":[{"href":"https:\/\/xplora.smartclick.es\/en\/wp-json\/wp\/v2\/media?parent=987499812"}],"wp:term":[{"taxonomy":"product_brand","embeddable":true,"href":"https:\/\/xplora.smartclick.es\/en\/wp-json\/wp\/v2\/product_brand?post=987499812"},{"taxonomy":"product_cat","embeddable":true,"href":"https:\/\/xplora.smartclick.es\/en\/wp-json\/wp\/v2\/product_cat?post=987499812"},{"taxonomy":"product_tag","embeddable":true,"href":"https:\/\/xplora.smartclick.es\/en\/wp-json\/wp\/v2\/product_tag?post=987499812"}],"curies":[{"name":"wp","href":"https:\/\/api.w.org\/{rel}","templated":true}]}}