{"id":987499839,"date":"2023-04-25T07:26:10","date_gmt":"2023-04-25T07:26:10","guid":{"rendered":"https:\/\/xplorariviera.com\/quad-adventure-cenotes-akumal-snorkeling-with-turtles\/"},"modified":"2025-08-20T16:27:40","modified_gmt":"2025-08-20T16:27:40","slug":"aventura-en-quads-cenotes-snorkel-akumal-con-tortugas","status":"publish","type":"product","link":"https:\/\/xplora.smartclick.es\/en\/aventura-en-quads-cenotes-snorkel-akumal-con-tortugas\/","title":{"rendered":"[English] Aventura en quads + cenotes + snorkel Akumal con tortugas"},"content":{"rendered":"<p>[English] Este tour comienza con la recogida en tu hotel para dirigirnos al campo base, ubicado en la jungla alta de Akumal. Una vez all\u00ed, te equipar\u00e1s y estar\u00e1s listo para comenzar la primera parte de la aventura.<\/p>\n<p>La jornada iniciar\u00e1 con una visita a la hermosa Bah\u00eda de Akumal, donde tendr\u00e1s la oportunidad de disfrutar de una emocionante sesi\u00f3n de <strong>snorkel con tortugas marinas<\/strong>. Un experto gu\u00eda te mostrar\u00e1 la impresionante vida marina que habita en estas aguas.<\/p>\n<p>Despu\u00e9s de explorar el fascinante mundo submarino, continuaremos <strong>recorriendo 16 kil\u00f3metros en quad a trav\u00e9s de la densa selva<\/strong>. Durante esta parte de la aventura, disfrutar\u00e1s de la emoci\u00f3n de conducir un quad por frondosos terrenos. En el camino, realizaremos una parada para que visites una impresionante caverna, donde podr\u00e1s explorar sus profundidades y admirar la belleza de las formaciones rocosas en su interior.<\/p>\n<p>Posteriormente, podr\u00e1s ba\u00f1arte en dos incre\u00edbles <strong>cenotes ocultos en la jungla de Akumal<\/strong>. Sumergirte en estas piscinas naturales es una experiencia \u00fanica que te conectar\u00e1 con la belleza de la regi\u00f3n y te permitir\u00e1 relajarte en un entorno natural impresionante.<\/p>\n<p>Finalmente te llevaremos de regreso a tu hotel.<\/p>\n<p><em>* El orden del itinerario puede verse modificado | Posibilidad de hacer solo el Tour de Snorkel con tortugas en Akumal<\/em><\/p>\n<p><em>* Tour no apto para embarazadas, personas con problemas de espalda y ni\u00f1os menores de 6 a\u00f1os <\/em><\/p>\n<p><em>* Dependiendo de la ubicaci\u00f3n del hotel podr\u00e1 haber transbordo en el transporte debido a la operaci\u00f3n del tour. No se hace recogida en Hoteles de Canc\u00fan o Puerto Morelos<\/em><\/p>\n<p>*<em> Por seguridad, est\u00e1 prohibido grabar durante el recorrido en quad<\/em>.<\/p>\n","protected":false},"excerpt":{"rendered":"<p>[English] Explora la Riviera Maya como nunca antes con nuestra aventura en quads con cenotes y snorkel en Akumal con tortugas. Sum\u00e9rgete en la selva en una aventura de 16 kil\u00f3metros en quad, deteni\u00e9ndote en impresionantes cenotes y cavernas para disfrutar de un refrescante ba\u00f1o.<\/p>\n<p>Experimenta la potencia de nuestros quads Yamaha de 350cc mientras atraviesas paisajes incre\u00edbles. \u00a1Prep\u00e1rate para una jornada llena de emoci\u00f3n y belleza natural!<\/p>\n","protected":false},"featured_media":987498832,"template":"","meta":{"_acf_changed":false,"_et_pb_use_builder":"","_et_pb_old_content":"[English] ","_et_gb_content_width":"","inline_featured_image":false,"_joinchat":[]},"product_brand":[],"product_cat":[169,164,166,158,163,168,177,176],"product_tag":[],"class_list":{"0":"post-987499839","1":"product","2":"type-product","3":"status-publish","4":"has-post-thumbnail","6":"product_cat-adventure-en","7":"product_cat-excursions-from-playa-del-carmen","8":"product_cat-excursions-from-tulum","9":"product_cat-excursions-in-riviera-maya","10":"product_cat-excursions-to-cenotes","11":"product_cat-low-margin","12":"product_cat-quad-excursions-in-the-riviera-maya","13":"product_cat-snorkeling-excursions-in-the-riviera-maya","14":"yith_booking_service-individual-quiero-reservar-un-quad-para-mi-solo-a","16":"first","17":"instock","18":"virtual","19":"sold-individually","20":"purchasable","21":"product-type-booking"},"acf":[],"yoast_head":"<!-- This site is optimized with the Yoast SEO plugin v25.7 - https:\/\/yoast.com\/wordpress\/plugins\/seo\/ -->\n<title>Quad Tour with Cenotes and Snorkeling in Akumal with Turtles - Xplora Riviera<\/title>\n<meta name=\"description\" content=\"Join our quad tour through the jungle, stopping to visit and explore different cenotes with grottoes and snorkel with turtles in Akumal.\" \/>\n<meta name=\"robots\" content=\"index, follow, max-snippet:-1, max-image-preview:large, max-video-preview:-1\" \/>\n<link rel=\"canonical\" href=\"https:\/\/xplora.smartclick.es\/en\/aventura-en-quads-cenotes-snorkel-akumal-con-tortugas\/\" \/>\n<meta property=\"og:locale\" content=\"en_US\" \/>\n<meta property=\"og:type\" content=\"article\" \/>\n<meta property=\"og:title\" content=\"Quad Tour with Cenotes and Snorkeling in Akumal with Turtles - Xplora Riviera\" \/>\n<meta property=\"og:description\" content=\"Join our quad tour through the jungle, stopping to visit and explore different cenotes with grottoes and snorkel with turtles in Akumal.\" \/>\n<meta property=\"og:url\" content=\"https:\/\/xplora.smartclick.es\/en\/aventura-en-quads-cenotes-snorkel-akumal-con-tortugas\/\" \/>\n<meta property=\"og:site_name\" content=\"Xplora Riviera\" \/>\n<meta property=\"article:publisher\" content=\"https:\/\/www.facebook.com\/Xplora-Riviera-312871735912609\" \/>\n<meta property=\"article:modified_time\" content=\"2025-08-20T16:27:40+00:00\" \/>\n<meta property=\"og:image\" content=\"https:\/\/xplora.smartclick.es\/wp-content\/uploads\/2023\/07\/quad.png\" \/>\n\t<meta property=\"og:image:width\" content=\"329\" \/>\n\t<meta property=\"og:image:height\" content=\"550\" \/>\n\t<meta property=\"og:image:type\" content=\"image\/png\" \/>\n<meta name=\"twitter:card\" content=\"summary_large_image\" \/>\n<meta name=\"twitter:label1\" content=\"Est. reading time\" \/>\n\t<meta name=\"twitter:data1\" content=\"1 minute\" \/>\n<script type=\"application\/ld+json\" class=\"yoast-schema-graph\">{\"@context\":\"https:\/\/schema.org\",\"@graph\":[{\"@type\":\"WebPage\",\"@id\":\"https:\/\/xplora.smartclick.es\/en\/aventura-en-quads-cenotes-snorkel-akumal-con-tortugas\/\",\"url\":\"https:\/\/xplora.smartclick.es\/en\/aventura-en-quads-cenotes-snorkel-akumal-con-tortugas\/\",\"name\":\"Quad Tour with Cenotes and Snorkeling in Akumal with Turtles - Xplora Riviera\",\"isPartOf\":{\"@id\":\"https:\/\/xplora.smartclick.es\/#website\"},\"primaryImageOfPage\":{\"@id\":\"https:\/\/xplora.smartclick.es\/en\/aventura-en-quads-cenotes-snorkel-akumal-con-tortugas\/#primaryimage\"},\"image\":{\"@id\":\"https:\/\/xplora.smartclick.es\/en\/aventura-en-quads-cenotes-snorkel-akumal-con-tortugas\/#primaryimage\"},\"thumbnailUrl\":\"https:\/\/xplora.smartclick.es\/wp-content\/uploads\/2023\/07\/quad.png\",\"datePublished\":\"2023-04-25T07:26:10+00:00\",\"dateModified\":\"2025-08-20T16:27:40+00:00\",\"description\":\"Join our quad tour through the jungle, stopping to visit and explore different cenotes with grottoes and snorkel with turtles in Akumal.\",\"breadcrumb\":{\"@id\":\"https:\/\/xplora.smartclick.es\/en\/aventura-en-quads-cenotes-snorkel-akumal-con-tortugas\/#breadcrumb\"},\"inLanguage\":\"en-US\",\"potentialAction\":[{\"@type\":\"ReadAction\",\"target\":[\"https:\/\/xplora.smartclick.es\/en\/aventura-en-quads-cenotes-snorkel-akumal-con-tortugas\/\"]}]},{\"@type\":\"ImageObject\",\"inLanguage\":\"en-US\",\"@id\":\"https:\/\/xplora.smartclick.es\/en\/aventura-en-quads-cenotes-snorkel-akumal-con-tortugas\/#primaryimage\",\"url\":\"https:\/\/xplora.smartclick.es\/wp-content\/uploads\/2023\/07\/quad.png\",\"contentUrl\":\"https:\/\/xplora.smartclick.es\/wp-content\/uploads\/2023\/07\/quad.png\",\"width\":329,\"height\":550},{\"@type\":\"BreadcrumbList\",\"@id\":\"https:\/\/xplora.smartclick.es\/en\/aventura-en-quads-cenotes-snorkel-akumal-con-tortugas\/#breadcrumb\",\"itemListElement\":[{\"@type\":\"ListItem\",\"position\":1,\"name\":\"[English] INICIO\",\"item\":\"https:\/\/xplora.smartclick.es\/en\/inicio\/\"},{\"@type\":\"ListItem\",\"position\":2,\"name\":\"Tienda\",\"item\":\"https:\/\/xplora.smartclick.es\/?page_id=587\"},{\"@type\":\"ListItem\",\"position\":3,\"name\":\"Excursiones en Riviera Maya\",\"item\":\"https:\/\/xplora.smartclick.es\/tours-riviera-maya\/\"},{\"@type\":\"ListItem\",\"position\":4,\"name\":\"[English] Aventura en quads + cenotes + snorkel Akumal con tortugas\"}]},{\"@type\":\"WebSite\",\"@id\":\"https:\/\/xplora.smartclick.es\/#website\",\"url\":\"https:\/\/xplora.smartclick.es\/\",\"name\":\"Xplora Riviera\",\"description\":\"Tours y Aventura en Riviera Maya y Punta Cana\",\"publisher\":{\"@id\":\"https:\/\/xplora.smartclick.es\/#organization\"},\"potentialAction\":[{\"@type\":\"SearchAction\",\"target\":{\"@type\":\"EntryPoint\",\"urlTemplate\":\"https:\/\/xplora.smartclick.es\/?s={search_term_string}\"},\"query-input\":{\"@type\":\"PropertyValueSpecification\",\"valueRequired\":true,\"valueName\":\"search_term_string\"}}],\"inLanguage\":\"en-US\"},{\"@type\":\"Organization\",\"@id\":\"https:\/\/xplora.smartclick.es\/#organization\",\"name\":\"[English] Excursiones Riviera Maya Xplora Riviera\",\"url\":\"https:\/\/xplora.smartclick.es\/\",\"logo\":{\"@type\":\"ImageObject\",\"inLanguage\":\"en-US\",\"@id\":\"https:\/\/xplora.smartclick.es\/#\/schema\/logo\/image\/\",\"url\":\"\",\"contentUrl\":\"\",\"caption\":\"[English] Excursiones Riviera Maya Xplora Riviera\"},\"image\":{\"@id\":\"https:\/\/xplora.smartclick.es\/#\/schema\/logo\/image\/\"},\"sameAs\":[\"https:\/\/www.facebook.com\/Xplora-Riviera-312871735912609\",\"https:\/\/www.instagram.com\/xplora_riviera\/\"]}]}<\/script>\n<!-- \/ Yoast SEO plugin. -->","yoast_head_json":{"title":"Quad Tour with Cenotes and Snorkeling in Akumal with Turtles - Xplora Riviera","description":"Join our quad tour through the jungle, stopping to visit and explore different cenotes with grottoes and snorkel with turtles in Akumal.","robots":{"index":"index","follow":"follow","max-snippet":"max-snippet:-1","max-image-preview":"max-image-preview:large","max-video-preview":"max-video-preview:-1"},"canonical":"https:\/\/xplora.smartclick.es\/en\/aventura-en-quads-cenotes-snorkel-akumal-con-tortugas\/","og_locale":"en_US","og_type":"article","og_title":"Quad Tour with Cenotes and Snorkeling in Akumal with Turtles - Xplora Riviera","og_description":"Join our quad tour through the jungle, stopping to visit and explore different cenotes with grottoes and snorkel with turtles in Akumal.","og_url":"https:\/\/xplora.smartclick.es\/en\/aventura-en-quads-cenotes-snorkel-akumal-con-tortugas\/","og_site_name":"Xplora Riviera","article_publisher":"https:\/\/www.facebook.com\/Xplora-Riviera-312871735912609","article_modified_time":"2025-08-20T16:27:40+00:00","og_image":[{"width":329,"height":550,"url":"https:\/\/xplora.smartclick.es\/wp-content\/uploads\/2023\/07\/quad.png","type":"image\/png"}],"twitter_card":"summary_large_image","twitter_misc":{"Est. reading time":"1 minute"},"schema":{"@context":"https:\/\/schema.org","@graph":[{"@type":"WebPage","@id":"https:\/\/xplora.smartclick.es\/en\/aventura-en-quads-cenotes-snorkel-akumal-con-tortugas\/","url":"https:\/\/xplora.smartclick.es\/en\/aventura-en-quads-cenotes-snorkel-akumal-con-tortugas\/","name":"Quad Tour with Cenotes and Snorkeling in Akumal with Turtles - Xplora Riviera","isPartOf":{"@id":"https:\/\/xplora.smartclick.es\/#website"},"primaryImageOfPage":{"@id":"https:\/\/xplora.smartclick.es\/en\/aventura-en-quads-cenotes-snorkel-akumal-con-tortugas\/#primaryimage"},"image":{"@id":"https:\/\/xplora.smartclick.es\/en\/aventura-en-quads-cenotes-snorkel-akumal-con-tortugas\/#primaryimage"},"thumbnailUrl":"https:\/\/xplora.smartclick.es\/wp-content\/uploads\/2023\/07\/quad.png","datePublished":"2023-04-25T07:26:10+00:00","dateModified":"2025-08-20T16:27:40+00:00","description":"Join our quad tour through the jungle, stopping to visit and explore different cenotes with grottoes and snorkel with turtles in Akumal.","breadcrumb":{"@id":"https:\/\/xplora.smartclick.es\/en\/aventura-en-quads-cenotes-snorkel-akumal-con-tortugas\/#breadcrumb"},"inLanguage":"en-US","potentialAction":[{"@type":"ReadAction","target":["https:\/\/xplora.smartclick.es\/en\/aventura-en-quads-cenotes-snorkel-akumal-con-tortugas\/"]}]},{"@type":"ImageObject","inLanguage":"en-US","@id":"https:\/\/xplora.smartclick.es\/en\/aventura-en-quads-cenotes-snorkel-akumal-con-tortugas\/#primaryimage","url":"https:\/\/xplora.smartclick.es\/wp-content\/uploads\/2023\/07\/quad.png","contentUrl":"https:\/\/xplora.smartclick.es\/wp-content\/uploads\/2023\/07\/quad.png","width":329,"height":550},{"@type":"BreadcrumbList","@id":"https:\/\/xplora.smartclick.es\/en\/aventura-en-quads-cenotes-snorkel-akumal-con-tortugas\/#breadcrumb","itemListElement":[{"@type":"ListItem","position":1,"name":"[English] INICIO","item":"https:\/\/xplora.smartclick.es\/en\/inicio\/"},{"@type":"ListItem","position":2,"name":"Tienda","item":"https:\/\/xplora.smartclick.es\/?page_id=587"},{"@type":"ListItem","position":3,"name":"Excursiones en Riviera Maya","item":"https:\/\/xplora.smartclick.es\/tours-riviera-maya\/"},{"@type":"ListItem","position":4,"name":"[English] Aventura en quads + cenotes + snorkel Akumal con tortugas"}]},{"@type":"WebSite","@id":"https:\/\/xplora.smartclick.es\/#website","url":"https:\/\/xplora.smartclick.es\/","name":"Xplora Riviera","description":"Tours y Aventura en Riviera Maya y Punta Cana","publisher":{"@id":"https:\/\/xplora.smartclick.es\/#organization"},"potentialAction":[{"@type":"SearchAction","target":{"@type":"EntryPoint","urlTemplate":"https:\/\/xplora.smartclick.es\/?s={search_term_string}"},"query-input":{"@type":"PropertyValueSpecification","valueRequired":true,"valueName":"search_term_string"}}],"inLanguage":"en-US"},{"@type":"Organization","@id":"https:\/\/xplora.smartclick.es\/#organization","name":"[English] Excursiones Riviera Maya Xplora Riviera","url":"https:\/\/xplora.smartclick.es\/","logo":{"@type":"ImageObject","inLanguage":"en-US","@id":"https:\/\/xplora.smartclick.es\/#\/schema\/logo\/image\/","url":"","contentUrl":"","caption":"[English] Excursiones Riviera Maya Xplora Riviera"},"image":{"@id":"https:\/\/xplora.smartclick.es\/#\/schema\/logo\/image\/"},"sameAs":["https:\/\/www.facebook.com\/Xplora-Riviera-312871735912609","https:\/\/www.instagram.com\/xplora_riviera\/"]}]}},"_links":{"self":[{"href":"https:\/\/xplora.smartclick.es\/en\/wp-json\/wp\/v2\/product\/987499839","targetHints":{"allow":["GET"]}}],"collection":[{"href":"https:\/\/xplora.smartclick.es\/en\/wp-json\/wp\/v2\/product"}],"about":[{"href":"https:\/\/xplora.smartclick.es\/en\/wp-json\/wp\/v2\/types\/product"}],"wp:featuredmedia":[{"embeddable":true,"href":"https:\/\/xplora.smartclick.es\/en\/wp-json\/wp\/v2\/media\/987498832"}],"wp:attachment":[{"href":"https:\/\/xplora.smartclick.es\/en\/wp-json\/wp\/v2\/media?parent=987499839"}],"wp:term":[{"taxonomy":"product_brand","embeddable":true,"href":"https:\/\/xplora.smartclick.es\/en\/wp-json\/wp\/v2\/product_brand?post=987499839"},{"taxonomy":"product_cat","embeddable":true,"href":"https:\/\/xplora.smartclick.es\/en\/wp-json\/wp\/v2\/product_cat?post=987499839"},{"taxonomy":"product_tag","embeddable":true,"href":"https:\/\/xplora.smartclick.es\/en\/wp-json\/wp\/v2\/product_tag?post=987499839"}],"curies":[{"name":"wp","href":"https:\/\/api.w.org\/{rel}","templated":true}]}}