{"id":987499841,"date":"2023-01-23T06:57:58","date_gmt":"2023-01-23T06:57:58","guid":{"rendered":"https:\/\/xplorariviera.com\/isla-mujeres-premium\/"},"modified":"2025-08-20T16:27:42","modified_gmt":"2025-08-20T16:27:42","slug":"isla-mujeres-premium","status":"publish","type":"product","link":"https:\/\/xplora.smartclick.es\/en\/isla-mujeres-premium\/","title":{"rendered":"[English] Isla Mujeres Premium"},"content":{"rendered":"<p>[English] S\u00e9 parte de una escapada excepcional en la que convergen la navegaci\u00f3n de lujo, el descanso y la exploraci\u00f3n.<\/p>\n<p>Goza de las impresionantes vistas a lo largo de la pintoresca costa de Canc\u00fan y sum\u00e9rgete en aguas cristalinas durante una agradable sesi\u00f3n de snorkel.<\/p>\n<p>Durante tu trayecto por el oc\u00e9ano, disfruta del sol tropical y la suave brisa marina mientras saboreas un tentador almuerzo ligero y barra libre a bordo.<\/p>\n<p>Descubre el encanto de la renombrada Playa Norte de Isla Mujeres, sintiendo el ambiente caribe\u00f1o de la Isla, un para\u00edso de aguas azules y vibrante cultura. Explora incre\u00edbles playas, del\u00e9itate de sabores locales y recorre encantadoras tiendas en este cautivador refugio tropical.<\/p>\n","protected":false},"excerpt":{"rendered":"<p>[English] Emprende un fascinante viaje hacia Isla Mujeres, una isla que se encuentra a pocos kil\u00f3metros de la costa de Canc\u00fan y que ofrece una amplia variedad de actividades. Es conocida por sus aguas turquesas, su vida marina, sus playas y sus diferentes actividades acu\u00e1ticas como snorkel y buceo en los arrecifes de coral o en el museo subacu\u00e1tico de arte.<\/p>\n","protected":false},"featured_media":987499030,"template":"","meta":{"_acf_changed":false,"_et_pb_use_builder":"","_et_pb_old_content":"[English] ","_et_gb_content_width":"","inline_featured_image":false,"_joinchat":[]},"product_brand":[],"product_cat":[160,165,164,167,166,158,175,176],"product_tag":[],"class_list":{"0":"post-987499841","1":"product","2":"type-product","3":"status-publish","4":"has-post-thumbnail","6":"product_cat-aquatic-nature","7":"product_cat-excursions-from-cancun-and-costa-mujeres","8":"product_cat-excursions-from-playa-del-carmen","9":"product_cat-excursions-from-puerto-morelos","10":"product_cat-excursions-from-tulum","11":"product_cat-excursions-in-riviera-maya","12":"product_cat-excursions-to-isla-mujeres","13":"product_cat-snorkeling-excursions-in-the-riviera-maya","15":"first","16":"instock","17":"virtual","18":"sold-individually","19":"purchasable","20":"product-type-booking"},"acf":[],"yoast_head":"<!-- This site is optimized with the Yoast SEO plugin v25.7 - https:\/\/yoast.com\/wordpress\/plugins\/seo\/ -->\n<title>Isla Mujeres Premium<\/title>\n<meta name=\"description\" content=\"Be part of an exceptional getaway where luxury sailing, relaxation, and exploration converge.\" \/>\n<meta name=\"robots\" content=\"index, follow, max-snippet:-1, max-image-preview:large, max-video-preview:-1\" \/>\n<link rel=\"canonical\" href=\"https:\/\/xplora.smartclick.es\/en\/isla-mujeres-premium\/\" \/>\n<meta property=\"og:locale\" content=\"en_US\" \/>\n<meta property=\"og:type\" content=\"article\" \/>\n<meta property=\"og:title\" content=\"Isla Mujeres Premium\" \/>\n<meta property=\"og:description\" content=\"Be part of an exceptional getaway where luxury sailing, relaxation, and exploration converge.\" \/>\n<meta property=\"og:url\" content=\"https:\/\/xplora.smartclick.es\/en\/isla-mujeres-premium\/\" \/>\n<meta property=\"og:site_name\" content=\"Xplora Riviera\" \/>\n<meta property=\"article:publisher\" content=\"https:\/\/www.facebook.com\/Xplora-Riviera-312871735912609\" \/>\n<meta property=\"article:modified_time\" content=\"2025-08-20T16:27:42+00:00\" \/>\n<meta property=\"og:image\" content=\"https:\/\/xplora.smartclick.es\/wp-content\/uploads\/2025\/02\/Catamaran-lujo-isla-mujeres.webp\" \/>\n\t<meta property=\"og:image:width\" content=\"329\" \/>\n\t<meta property=\"og:image:height\" content=\"550\" \/>\n\t<meta property=\"og:image:type\" content=\"image\/webp\" \/>\n<meta name=\"twitter:card\" content=\"summary_large_image\" \/>\n<meta name=\"twitter:label1\" content=\"Est. reading time\" \/>\n\t<meta name=\"twitter:data1\" content=\"1 minute\" \/>\n<script type=\"application\/ld+json\" class=\"yoast-schema-graph\">{\"@context\":\"https:\/\/schema.org\",\"@graph\":[{\"@type\":\"WebPage\",\"@id\":\"https:\/\/xplora.smartclick.es\/en\/isla-mujeres-premium\/\",\"url\":\"https:\/\/xplora.smartclick.es\/en\/isla-mujeres-premium\/\",\"name\":\"Isla Mujeres Premium\",\"isPartOf\":{\"@id\":\"https:\/\/xplora.smartclick.es\/#website\"},\"primaryImageOfPage\":{\"@id\":\"https:\/\/xplora.smartclick.es\/en\/isla-mujeres-premium\/#primaryimage\"},\"image\":{\"@id\":\"https:\/\/xplora.smartclick.es\/en\/isla-mujeres-premium\/#primaryimage\"},\"thumbnailUrl\":\"https:\/\/xplora.smartclick.es\/wp-content\/uploads\/2025\/02\/Catamaran-lujo-isla-mujeres.webp\",\"datePublished\":\"2023-01-23T06:57:58+00:00\",\"dateModified\":\"2025-08-20T16:27:42+00:00\",\"description\":\"Be part of an exceptional getaway where luxury sailing, relaxation, and exploration converge.\",\"breadcrumb\":{\"@id\":\"https:\/\/xplora.smartclick.es\/en\/isla-mujeres-premium\/#breadcrumb\"},\"inLanguage\":\"en-US\",\"potentialAction\":[{\"@type\":\"ReadAction\",\"target\":[\"https:\/\/xplora.smartclick.es\/en\/isla-mujeres-premium\/\"]}]},{\"@type\":\"ImageObject\",\"inLanguage\":\"en-US\",\"@id\":\"https:\/\/xplora.smartclick.es\/en\/isla-mujeres-premium\/#primaryimage\",\"url\":\"https:\/\/xplora.smartclick.es\/wp-content\/uploads\/2025\/02\/Catamaran-lujo-isla-mujeres.webp\",\"contentUrl\":\"https:\/\/xplora.smartclick.es\/wp-content\/uploads\/2025\/02\/Catamaran-lujo-isla-mujeres.webp\",\"width\":329,\"height\":550,\"caption\":\"Catamaran lujo isla mujeres\"},{\"@type\":\"BreadcrumbList\",\"@id\":\"https:\/\/xplora.smartclick.es\/en\/isla-mujeres-premium\/#breadcrumb\",\"itemListElement\":[{\"@type\":\"ListItem\",\"position\":1,\"name\":\"[English] INICIO\",\"item\":\"https:\/\/xplora.smartclick.es\/en\/inicio\/\"},{\"@type\":\"ListItem\",\"position\":2,\"name\":\"Tienda\",\"item\":\"https:\/\/xplora.smartclick.es\/?page_id=587\"},{\"@type\":\"ListItem\",\"position\":3,\"name\":\"Excursiones en Riviera Maya\",\"item\":\"https:\/\/xplora.smartclick.es\/tours-riviera-maya\/\"},{\"@type\":\"ListItem\",\"position\":4,\"name\":\"[English] Isla Mujeres Premium\"}]},{\"@type\":\"WebSite\",\"@id\":\"https:\/\/xplora.smartclick.es\/#website\",\"url\":\"https:\/\/xplora.smartclick.es\/\",\"name\":\"Xplora Riviera\",\"description\":\"Tours y Aventura en Riviera Maya y Punta Cana\",\"publisher\":{\"@id\":\"https:\/\/xplora.smartclick.es\/#organization\"},\"potentialAction\":[{\"@type\":\"SearchAction\",\"target\":{\"@type\":\"EntryPoint\",\"urlTemplate\":\"https:\/\/xplora.smartclick.es\/?s={search_term_string}\"},\"query-input\":{\"@type\":\"PropertyValueSpecification\",\"valueRequired\":true,\"valueName\":\"search_term_string\"}}],\"inLanguage\":\"en-US\"},{\"@type\":\"Organization\",\"@id\":\"https:\/\/xplora.smartclick.es\/#organization\",\"name\":\"[English] Excursiones Riviera Maya Xplora Riviera\",\"url\":\"https:\/\/xplora.smartclick.es\/\",\"logo\":{\"@type\":\"ImageObject\",\"inLanguage\":\"en-US\",\"@id\":\"https:\/\/xplora.smartclick.es\/#\/schema\/logo\/image\/\",\"url\":\"\",\"contentUrl\":\"\",\"caption\":\"[English] Excursiones Riviera Maya Xplora Riviera\"},\"image\":{\"@id\":\"https:\/\/xplora.smartclick.es\/#\/schema\/logo\/image\/\"},\"sameAs\":[\"https:\/\/www.facebook.com\/Xplora-Riviera-312871735912609\",\"https:\/\/www.instagram.com\/xplora_riviera\/\"]}]}<\/script>\n<!-- \/ Yoast SEO plugin. -->","yoast_head_json":{"title":"Isla Mujeres Premium","description":"Be part of an exceptional getaway where luxury sailing, relaxation, and exploration converge.","robots":{"index":"index","follow":"follow","max-snippet":"max-snippet:-1","max-image-preview":"max-image-preview:large","max-video-preview":"max-video-preview:-1"},"canonical":"https:\/\/xplora.smartclick.es\/en\/isla-mujeres-premium\/","og_locale":"en_US","og_type":"article","og_title":"Isla Mujeres Premium","og_description":"Be part of an exceptional getaway where luxury sailing, relaxation, and exploration converge.","og_url":"https:\/\/xplora.smartclick.es\/en\/isla-mujeres-premium\/","og_site_name":"Xplora Riviera","article_publisher":"https:\/\/www.facebook.com\/Xplora-Riviera-312871735912609","article_modified_time":"2025-08-20T16:27:42+00:00","og_image":[{"width":329,"height":550,"url":"https:\/\/xplora.smartclick.es\/wp-content\/uploads\/2025\/02\/Catamaran-lujo-isla-mujeres.webp","type":"image\/webp"}],"twitter_card":"summary_large_image","twitter_misc":{"Est. reading time":"1 minute"},"schema":{"@context":"https:\/\/schema.org","@graph":[{"@type":"WebPage","@id":"https:\/\/xplora.smartclick.es\/en\/isla-mujeres-premium\/","url":"https:\/\/xplora.smartclick.es\/en\/isla-mujeres-premium\/","name":"Isla Mujeres Premium","isPartOf":{"@id":"https:\/\/xplora.smartclick.es\/#website"},"primaryImageOfPage":{"@id":"https:\/\/xplora.smartclick.es\/en\/isla-mujeres-premium\/#primaryimage"},"image":{"@id":"https:\/\/xplora.smartclick.es\/en\/isla-mujeres-premium\/#primaryimage"},"thumbnailUrl":"https:\/\/xplora.smartclick.es\/wp-content\/uploads\/2025\/02\/Catamaran-lujo-isla-mujeres.webp","datePublished":"2023-01-23T06:57:58+00:00","dateModified":"2025-08-20T16:27:42+00:00","description":"Be part of an exceptional getaway where luxury sailing, relaxation, and exploration converge.","breadcrumb":{"@id":"https:\/\/xplora.smartclick.es\/en\/isla-mujeres-premium\/#breadcrumb"},"inLanguage":"en-US","potentialAction":[{"@type":"ReadAction","target":["https:\/\/xplora.smartclick.es\/en\/isla-mujeres-premium\/"]}]},{"@type":"ImageObject","inLanguage":"en-US","@id":"https:\/\/xplora.smartclick.es\/en\/isla-mujeres-premium\/#primaryimage","url":"https:\/\/xplora.smartclick.es\/wp-content\/uploads\/2025\/02\/Catamaran-lujo-isla-mujeres.webp","contentUrl":"https:\/\/xplora.smartclick.es\/wp-content\/uploads\/2025\/02\/Catamaran-lujo-isla-mujeres.webp","width":329,"height":550,"caption":"Catamaran lujo isla mujeres"},{"@type":"BreadcrumbList","@id":"https:\/\/xplora.smartclick.es\/en\/isla-mujeres-premium\/#breadcrumb","itemListElement":[{"@type":"ListItem","position":1,"name":"[English] INICIO","item":"https:\/\/xplora.smartclick.es\/en\/inicio\/"},{"@type":"ListItem","position":2,"name":"Tienda","item":"https:\/\/xplora.smartclick.es\/?page_id=587"},{"@type":"ListItem","position":3,"name":"Excursiones en Riviera Maya","item":"https:\/\/xplora.smartclick.es\/tours-riviera-maya\/"},{"@type":"ListItem","position":4,"name":"[English] Isla Mujeres Premium"}]},{"@type":"WebSite","@id":"https:\/\/xplora.smartclick.es\/#website","url":"https:\/\/xplora.smartclick.es\/","name":"Xplora Riviera","description":"Tours y Aventura en Riviera Maya y Punta Cana","publisher":{"@id":"https:\/\/xplora.smartclick.es\/#organization"},"potentialAction":[{"@type":"SearchAction","target":{"@type":"EntryPoint","urlTemplate":"https:\/\/xplora.smartclick.es\/?s={search_term_string}"},"query-input":{"@type":"PropertyValueSpecification","valueRequired":true,"valueName":"search_term_string"}}],"inLanguage":"en-US"},{"@type":"Organization","@id":"https:\/\/xplora.smartclick.es\/#organization","name":"[English] Excursiones Riviera Maya Xplora Riviera","url":"https:\/\/xplora.smartclick.es\/","logo":{"@type":"ImageObject","inLanguage":"en-US","@id":"https:\/\/xplora.smartclick.es\/#\/schema\/logo\/image\/","url":"","contentUrl":"","caption":"[English] Excursiones Riviera Maya Xplora Riviera"},"image":{"@id":"https:\/\/xplora.smartclick.es\/#\/schema\/logo\/image\/"},"sameAs":["https:\/\/www.facebook.com\/Xplora-Riviera-312871735912609","https:\/\/www.instagram.com\/xplora_riviera\/"]}]}},"_links":{"self":[{"href":"https:\/\/xplora.smartclick.es\/en\/wp-json\/wp\/v2\/product\/987499841","targetHints":{"allow":["GET"]}}],"collection":[{"href":"https:\/\/xplora.smartclick.es\/en\/wp-json\/wp\/v2\/product"}],"about":[{"href":"https:\/\/xplora.smartclick.es\/en\/wp-json\/wp\/v2\/types\/product"}],"wp:featuredmedia":[{"embeddable":true,"href":"https:\/\/xplora.smartclick.es\/en\/wp-json\/wp\/v2\/media\/987499030"}],"wp:attachment":[{"href":"https:\/\/xplora.smartclick.es\/en\/wp-json\/wp\/v2\/media?parent=987499841"}],"wp:term":[{"taxonomy":"product_brand","embeddable":true,"href":"https:\/\/xplora.smartclick.es\/en\/wp-json\/wp\/v2\/product_brand?post=987499841"},{"taxonomy":"product_cat","embeddable":true,"href":"https:\/\/xplora.smartclick.es\/en\/wp-json\/wp\/v2\/product_cat?post=987499841"},{"taxonomy":"product_tag","embeddable":true,"href":"https:\/\/xplora.smartclick.es\/en\/wp-json\/wp\/v2\/product_tag?post=987499841"}],"curies":[{"name":"wp","href":"https:\/\/api.w.org\/{rel}","templated":true}]}}