{"id":987499846,"date":"2023-01-23T06:59:35","date_gmt":"2023-01-23T06:59:35","guid":{"rendered":"https:\/\/xplorariviera.com\/cozumel-catamaran-excursion\/"},"modified":"2025-08-20T16:27:41","modified_gmt":"2025-08-20T16:27:41","slug":"excursion-cozumel-riviera-maya","status":"publish","type":"product","link":"https:\/\/xplora.smartclick.es\/en\/excursion-cozumel-riviera-maya\/","title":{"rendered":"[English] Excursi\u00f3n a Cozumel en catamar\u00e1n"},"content":{"rendered":"<p>[English] La excursi\u00f3n a Cozumel inicia con la recogida en tu hotel, desde donde te dirigir\u00e1s al puerto de Playa del Carmen. Aqu\u00ed, recibir\u00e1s tus billetes de ferry que te llevar\u00e1n a la hermosa isla de Cozumel, comenzando as\u00ed nuestro tour.<\/p>\n<p>Una vez en Cozumel te embarcar\u00e1s en un catamar\u00e1n que te llevar\u00e1 a explorar <strong>haciendo snorkel por los impresionantes arrecifes de Palancar y Colombia<\/strong>. Tambi\u00e9n visitar\u00e1s el <strong>santuario de las estrellas de mar de El Cielo<\/strong> y podr\u00e1s <strong>adentrarte en el \u00e1rea protegida de El Cielito<\/strong>, donde su belleza natural te dejar\u00e1 sin aliento.<\/p>\n<p>Despu\u00e9s de disfrutar de estas emocionantes actividades acu\u00e1ticas podr\u00e1s relajarte en el <strong>catamar\u00e1n con la barra libre. <\/strong>Despu\u00e9s nos dirigiremos a un restaurante local en el centro de Cozumel donde podr\u00e1s saborear una deliciosa comida. Despu\u00e9s de la comida tendr\u00e1s tiempo libre en la isla.<\/p>\n<p>Al final de tu d\u00eda en Cozumel, nos dirigiremos de vuelta al puerto para coger el ferry que te llevar\u00e1 de vuelta a Playa del Carmen, donde te estar\u00e1 esperando el transporte para llevarte c\u00f3modamente de regreso a tu hotel.<\/p>\n<p>Tiempos aproximados de snorkel (pueden variar seg\u00fan la operaci\u00f3n del d\u00eda)<\/p>\n<ul>\n<li><strong>Snorkel en los arrecifes de Colombia &#8211; Palancar 20-30min<\/strong><\/li>\n<li><strong>Snorkel en El Cielo 10-15min<\/strong><\/li>\n<li><strong>Tiempo libre en Cielito (banco de arena) 30min<\/strong><\/li>\n<li><strong>Tiempo libre de comida en Cozumel<\/strong><\/li>\n<\/ul>\n<p>*Est\u00e1 prohibido echarse crema solar en las reservas naturales<\/p>\n<p>*Tour no disponible para:<\/p>\n<ul>\n<li>Mujeres embarazadas<\/li>\n<li>Ni\u00f1os menores de 8 a\u00f1os. Solo pueden realizar la actividad de snorkel a partir de los 8 a\u00f1os.<\/li>\n<li>No podr\u00e1n hacer la actividad personas que no sepan nadar, impedidas por alg\u00fan medicamento, tales como antidepresivos, beta-bloqueadores, litio o vaso constrictores; o bien, en condiciones m\u00e9dica tales como embarazo, lactancia, asma, diabetes, padecimientos cardiacos, epilepsias, deficiencias respiratorias, problemas de presi\u00f3n sangu\u00ednea, lesiones musculares\/articulares de espalda\/cuello, limitaciones musculares\/f\u00edsico-motoras o con capacidades f\u00edsicas diferentes.<\/li>\n<li>Personas alojadas entre Canc\u00fan y Puerto Morelos.<\/li>\n<li>Personas que presenten se\u00f1ales de estar alcoholizadas o bajo la influencia de alguna sustancia estupefaciente, ilegal o prescrita, no le ser\u00e1 permitido participar.<\/li>\n<\/ul>\n<p>*Tour no recomendado para personas con lesiones de cuello o espalda<\/p>\n<p>*Debido a condiciones climatol\u00f3gicas por seguridad, los arrecifes a visitar se pueden ver modificados durante el tour sin alg\u00fan tipo de reembolso.<\/p>\n<p>&nbsp;<\/p>\n","protected":false},"excerpt":{"rendered":"<p>[English] Sum\u00e9rgete en un viaje inolvidable con nuestra excursi\u00f3n a Cozumel con snorkel. La isla Cozumel, una joya del Caribe frente a Playa del Carmen, te espera con sus aguas turquesas y arrecifes de coral de renombre mundial.<\/p>\n<p>Si eres un amante del snorkel, este es el tour que estabas esperando. Te llevaremos a explorar los fascinantes arrecifes de Palancar y Colombia, a visitar el m\u00e1gico santuario de estrellas de mar de El Cielo y a adentrarte en el \u00e1rea protegida de El Cielito.<\/p>\n","protected":false},"featured_media":987498509,"template":"","meta":{"_acf_changed":false,"_et_pb_use_builder":"off","_et_pb_old_content":"[English] Nos recoger\u00e1n en el hotel para dirigirnos al puerto de Playa del Carmen, en donde nos dar\u00e1n los boletos del ferry (con ultramar) que nos llevar\u00e1 hasta las isla de Cozumel, donde comenzar\u00e1 nuestro tour.\r\n\r\nNos montaremos en un catamar\u00e1n que nos llevar\u00e1 a hacer snorkel a los arrecifes de Palancar y Colombia. Adem\u00e1s visitaremos el santuario de las estrellas de mar de El Cielo y nos adentraremos en el \u00e1rea protegida de El Cielito.\r\n\r\nUna vez hechas las actividades acu\u00e1ticas, dispondremos de barra libre a bordo y nos dirigiremos a un beach club a comer y donde dispondremos de tiempo libre.\r\n\r\nDespu\u00e9s del tiempo libre en el beach club, nos dirigiremos de nuevo al puerto en para coger el ferry de vuelta a Playa del Carmen donde nos estar\u00e1n esperando para llevarnos de vuelta al hotel.","_et_gb_content_width":"","inline_featured_image":false,"_joinchat":[]},"product_brand":[],"product_cat":[160,164,167,158,161,176],"product_tag":[],"class_list":{"0":"post-987499846","1":"product","2":"type-product","3":"status-publish","4":"has-post-thumbnail","6":"product_cat-aquatic-nature","7":"product_cat-excursions-from-playa-del-carmen","8":"product_cat-excursions-from-puerto-morelos","9":"product_cat-excursions-in-riviera-maya","10":"product_cat-nature-en","11":"product_cat-snorkeling-excursions-in-the-riviera-maya","13":"first","14":"instock","15":"virtual","16":"sold-individually","17":"purchasable","18":"product-type-booking"},"acf":[],"yoast_head":"<!-- This site is optimized with the Yoast SEO plugin v25.7 - https:\/\/yoast.com\/wordpress\/plugins\/seo\/ -->\n<title>Cozumel Excursions with Snorkeling and Transfers Included - Xplora Riviera<\/title>\n<meta name=\"description\" content=\"Do you want to take a tour to the island of Cozumel? Discover our excursions from Playa del Carmen, including transfer from your hotel, food, snorkeling and more.\" \/>\n<meta name=\"robots\" content=\"index, follow, max-snippet:-1, max-image-preview:large, max-video-preview:-1\" \/>\n<link rel=\"canonical\" href=\"https:\/\/xplora.smartclick.es\/en\/excursion-cozumel-riviera-maya\/\" \/>\n<meta property=\"og:locale\" content=\"en_US\" \/>\n<meta property=\"og:type\" content=\"article\" \/>\n<meta property=\"og:title\" content=\"Cozumel Excursions with Snorkeling and Transfers Included - Xplora Riviera\" \/>\n<meta property=\"og:description\" content=\"Do you want to take a tour to the island of Cozumel? Discover our excursions from Playa del Carmen, including transfer from your hotel, food, snorkeling and more.\" \/>\n<meta property=\"og:url\" content=\"https:\/\/xplora.smartclick.es\/en\/excursion-cozumel-riviera-maya\/\" \/>\n<meta property=\"og:site_name\" content=\"Xplora Riviera\" \/>\n<meta property=\"article:publisher\" content=\"https:\/\/www.facebook.com\/Xplora-Riviera-312871735912609\" \/>\n<meta property=\"article:modified_time\" content=\"2025-08-20T16:27:41+00:00\" \/>\n<meta property=\"og:image\" content=\"https:\/\/xplora.smartclick.es\/wp-content\/uploads\/2021\/12\/Group-49.jpg\" \/>\n\t<meta property=\"og:image:width\" content=\"329\" \/>\n\t<meta property=\"og:image:height\" content=\"550\" \/>\n\t<meta property=\"og:image:type\" content=\"image\/jpeg\" \/>\n<meta name=\"twitter:card\" content=\"summary_large_image\" \/>\n<meta name=\"twitter:label1\" content=\"Est. reading time\" \/>\n\t<meta name=\"twitter:data1\" content=\"2 minutes\" \/>\n<script type=\"application\/ld+json\" class=\"yoast-schema-graph\">{\"@context\":\"https:\/\/schema.org\",\"@graph\":[{\"@type\":\"WebPage\",\"@id\":\"https:\/\/xplora.smartclick.es\/en\/excursion-cozumel-riviera-maya\/\",\"url\":\"https:\/\/xplora.smartclick.es\/en\/excursion-cozumel-riviera-maya\/\",\"name\":\"Cozumel Excursions with Snorkeling and Transfers Included - Xplora Riviera\",\"isPartOf\":{\"@id\":\"https:\/\/xplora.smartclick.es\/#website\"},\"primaryImageOfPage\":{\"@id\":\"https:\/\/xplora.smartclick.es\/en\/excursion-cozumel-riviera-maya\/#primaryimage\"},\"image\":{\"@id\":\"https:\/\/xplora.smartclick.es\/en\/excursion-cozumel-riviera-maya\/#primaryimage\"},\"thumbnailUrl\":\"https:\/\/xplora.smartclick.es\/wp-content\/uploads\/2021\/12\/Group-49.jpg\",\"datePublished\":\"2023-01-23T06:59:35+00:00\",\"dateModified\":\"2025-08-20T16:27:41+00:00\",\"description\":\"Do you want to take a tour to the island of Cozumel? Discover our excursions from Playa del Carmen, including transfer from your hotel, food, snorkeling and more.\",\"breadcrumb\":{\"@id\":\"https:\/\/xplora.smartclick.es\/en\/excursion-cozumel-riviera-maya\/#breadcrumb\"},\"inLanguage\":\"en-US\",\"potentialAction\":[{\"@type\":\"ReadAction\",\"target\":[\"https:\/\/xplora.smartclick.es\/en\/excursion-cozumel-riviera-maya\/\"]}]},{\"@type\":\"ImageObject\",\"inLanguage\":\"en-US\",\"@id\":\"https:\/\/xplora.smartclick.es\/en\/excursion-cozumel-riviera-maya\/#primaryimage\",\"url\":\"https:\/\/xplora.smartclick.es\/wp-content\/uploads\/2021\/12\/Group-49.jpg\",\"contentUrl\":\"https:\/\/xplora.smartclick.es\/wp-content\/uploads\/2021\/12\/Group-49.jpg\",\"width\":329,\"height\":550},{\"@type\":\"BreadcrumbList\",\"@id\":\"https:\/\/xplora.smartclick.es\/en\/excursion-cozumel-riviera-maya\/#breadcrumb\",\"itemListElement\":[{\"@type\":\"ListItem\",\"position\":1,\"name\":\"[English] INICIO\",\"item\":\"https:\/\/xplora.smartclick.es\/en\/inicio\/\"},{\"@type\":\"ListItem\",\"position\":2,\"name\":\"Tienda\",\"item\":\"https:\/\/xplora.smartclick.es\/?page_id=587\"},{\"@type\":\"ListItem\",\"position\":3,\"name\":\"Excursiones en Riviera Maya\",\"item\":\"https:\/\/xplora.smartclick.es\/tours-riviera-maya\/\"},{\"@type\":\"ListItem\",\"position\":4,\"name\":\"[English] Excursi\u00f3n a Cozumel en catamar\u00e1n\"}]},{\"@type\":\"WebSite\",\"@id\":\"https:\/\/xplora.smartclick.es\/#website\",\"url\":\"https:\/\/xplora.smartclick.es\/\",\"name\":\"Xplora Riviera\",\"description\":\"Tours y Aventura en Riviera Maya y Punta Cana\",\"publisher\":{\"@id\":\"https:\/\/xplora.smartclick.es\/#organization\"},\"potentialAction\":[{\"@type\":\"SearchAction\",\"target\":{\"@type\":\"EntryPoint\",\"urlTemplate\":\"https:\/\/xplora.smartclick.es\/?s={search_term_string}\"},\"query-input\":{\"@type\":\"PropertyValueSpecification\",\"valueRequired\":true,\"valueName\":\"search_term_string\"}}],\"inLanguage\":\"en-US\"},{\"@type\":\"Organization\",\"@id\":\"https:\/\/xplora.smartclick.es\/#organization\",\"name\":\"[English] Excursiones Riviera Maya Xplora Riviera\",\"url\":\"https:\/\/xplora.smartclick.es\/\",\"logo\":{\"@type\":\"ImageObject\",\"inLanguage\":\"en-US\",\"@id\":\"https:\/\/xplora.smartclick.es\/#\/schema\/logo\/image\/\",\"url\":\"\",\"contentUrl\":\"\",\"caption\":\"[English] Excursiones Riviera Maya Xplora Riviera\"},\"image\":{\"@id\":\"https:\/\/xplora.smartclick.es\/#\/schema\/logo\/image\/\"},\"sameAs\":[\"https:\/\/www.facebook.com\/Xplora-Riviera-312871735912609\",\"https:\/\/www.instagram.com\/xplora_riviera\/\"]}]}<\/script>\n<!-- \/ Yoast SEO plugin. -->","yoast_head_json":{"title":"Cozumel Excursions with Snorkeling and Transfers Included - Xplora Riviera","description":"Do you want to take a tour to the island of Cozumel? Discover our excursions from Playa del Carmen, including transfer from your hotel, food, snorkeling and more.","robots":{"index":"index","follow":"follow","max-snippet":"max-snippet:-1","max-image-preview":"max-image-preview:large","max-video-preview":"max-video-preview:-1"},"canonical":"https:\/\/xplora.smartclick.es\/en\/excursion-cozumel-riviera-maya\/","og_locale":"en_US","og_type":"article","og_title":"Cozumel Excursions with Snorkeling and Transfers Included - Xplora Riviera","og_description":"Do you want to take a tour to the island of Cozumel? Discover our excursions from Playa del Carmen, including transfer from your hotel, food, snorkeling and more.","og_url":"https:\/\/xplora.smartclick.es\/en\/excursion-cozumel-riviera-maya\/","og_site_name":"Xplora Riviera","article_publisher":"https:\/\/www.facebook.com\/Xplora-Riviera-312871735912609","article_modified_time":"2025-08-20T16:27:41+00:00","og_image":[{"width":329,"height":550,"url":"https:\/\/xplora.smartclick.es\/wp-content\/uploads\/2021\/12\/Group-49.jpg","type":"image\/jpeg"}],"twitter_card":"summary_large_image","twitter_misc":{"Est. reading time":"2 minutes"},"schema":{"@context":"https:\/\/schema.org","@graph":[{"@type":"WebPage","@id":"https:\/\/xplora.smartclick.es\/en\/excursion-cozumel-riviera-maya\/","url":"https:\/\/xplora.smartclick.es\/en\/excursion-cozumel-riviera-maya\/","name":"Cozumel Excursions with Snorkeling and Transfers Included - Xplora Riviera","isPartOf":{"@id":"https:\/\/xplora.smartclick.es\/#website"},"primaryImageOfPage":{"@id":"https:\/\/xplora.smartclick.es\/en\/excursion-cozumel-riviera-maya\/#primaryimage"},"image":{"@id":"https:\/\/xplora.smartclick.es\/en\/excursion-cozumel-riviera-maya\/#primaryimage"},"thumbnailUrl":"https:\/\/xplora.smartclick.es\/wp-content\/uploads\/2021\/12\/Group-49.jpg","datePublished":"2023-01-23T06:59:35+00:00","dateModified":"2025-08-20T16:27:41+00:00","description":"Do you want to take a tour to the island of Cozumel? Discover our excursions from Playa del Carmen, including transfer from your hotel, food, snorkeling and more.","breadcrumb":{"@id":"https:\/\/xplora.smartclick.es\/en\/excursion-cozumel-riviera-maya\/#breadcrumb"},"inLanguage":"en-US","potentialAction":[{"@type":"ReadAction","target":["https:\/\/xplora.smartclick.es\/en\/excursion-cozumel-riviera-maya\/"]}]},{"@type":"ImageObject","inLanguage":"en-US","@id":"https:\/\/xplora.smartclick.es\/en\/excursion-cozumel-riviera-maya\/#primaryimage","url":"https:\/\/xplora.smartclick.es\/wp-content\/uploads\/2021\/12\/Group-49.jpg","contentUrl":"https:\/\/xplora.smartclick.es\/wp-content\/uploads\/2021\/12\/Group-49.jpg","width":329,"height":550},{"@type":"BreadcrumbList","@id":"https:\/\/xplora.smartclick.es\/en\/excursion-cozumel-riviera-maya\/#breadcrumb","itemListElement":[{"@type":"ListItem","position":1,"name":"[English] INICIO","item":"https:\/\/xplora.smartclick.es\/en\/inicio\/"},{"@type":"ListItem","position":2,"name":"Tienda","item":"https:\/\/xplora.smartclick.es\/?page_id=587"},{"@type":"ListItem","position":3,"name":"Excursiones en Riviera Maya","item":"https:\/\/xplora.smartclick.es\/tours-riviera-maya\/"},{"@type":"ListItem","position":4,"name":"[English] Excursi\u00f3n a Cozumel en catamar\u00e1n"}]},{"@type":"WebSite","@id":"https:\/\/xplora.smartclick.es\/#website","url":"https:\/\/xplora.smartclick.es\/","name":"Xplora Riviera","description":"Tours y Aventura en Riviera Maya y Punta Cana","publisher":{"@id":"https:\/\/xplora.smartclick.es\/#organization"},"potentialAction":[{"@type":"SearchAction","target":{"@type":"EntryPoint","urlTemplate":"https:\/\/xplora.smartclick.es\/?s={search_term_string}"},"query-input":{"@type":"PropertyValueSpecification","valueRequired":true,"valueName":"search_term_string"}}],"inLanguage":"en-US"},{"@type":"Organization","@id":"https:\/\/xplora.smartclick.es\/#organization","name":"[English] Excursiones Riviera Maya Xplora Riviera","url":"https:\/\/xplora.smartclick.es\/","logo":{"@type":"ImageObject","inLanguage":"en-US","@id":"https:\/\/xplora.smartclick.es\/#\/schema\/logo\/image\/","url":"","contentUrl":"","caption":"[English] Excursiones Riviera Maya Xplora Riviera"},"image":{"@id":"https:\/\/xplora.smartclick.es\/#\/schema\/logo\/image\/"},"sameAs":["https:\/\/www.facebook.com\/Xplora-Riviera-312871735912609","https:\/\/www.instagram.com\/xplora_riviera\/"]}]}},"_links":{"self":[{"href":"https:\/\/xplora.smartclick.es\/en\/wp-json\/wp\/v2\/product\/987499846","targetHints":{"allow":["GET"]}}],"collection":[{"href":"https:\/\/xplora.smartclick.es\/en\/wp-json\/wp\/v2\/product"}],"about":[{"href":"https:\/\/xplora.smartclick.es\/en\/wp-json\/wp\/v2\/types\/product"}],"wp:featuredmedia":[{"embeddable":true,"href":"https:\/\/xplora.smartclick.es\/en\/wp-json\/wp\/v2\/media\/987498509"}],"wp:attachment":[{"href":"https:\/\/xplora.smartclick.es\/en\/wp-json\/wp\/v2\/media?parent=987499846"}],"wp:term":[{"taxonomy":"product_brand","embeddable":true,"href":"https:\/\/xplora.smartclick.es\/en\/wp-json\/wp\/v2\/product_brand?post=987499846"},{"taxonomy":"product_cat","embeddable":true,"href":"https:\/\/xplora.smartclick.es\/en\/wp-json\/wp\/v2\/product_cat?post=987499846"},{"taxonomy":"product_tag","embeddable":true,"href":"https:\/\/xplora.smartclick.es\/en\/wp-json\/wp\/v2\/product_tag?post=987499846"}],"curies":[{"name":"wp","href":"https:\/\/api.w.org\/{rel}","templated":true}]}}