{"id":987499847,"date":"2023-01-23T07:00:29","date_gmt":"2023-01-23T07:00:29","guid":{"rendered":"https:\/\/xplorariviera.com\/premium-cozumel-speedboat-tour\/"},"modified":"2025-08-20T16:27:41","modified_gmt":"2025-08-20T16:27:41","slug":"cozumel-premium-el-cielo","status":"publish","type":"product","link":"https:\/\/xplora.smartclick.es\/en\/cozumel-premium-el-cielo\/","title":{"rendered":"[English] Excursi\u00f3n Premium a Cozumel en lancha"},"content":{"rendered":"<p>[English] Cozumel, ubicado en el Caribe Mexicano, no solo es un para\u00edso tropical, sino tambi\u00e9n el hogar del segundo sistema de arrecifes de coral m\u00e1s grande del mundo. Con sus aguas excepcionalmente claras y sus arrecifes de coral pr\u00f3spero, esta isla encantadora se ha ganado la reputaci\u00f3n de ser uno de los destinos principales del mundo para hacer snorkel.<\/p>\n<p>Nuestra excursi\u00f3n ofrece todo lo que se necesita para un d\u00eda inolvidable, incluidos gu\u00edas expertos biling\u00fces, un emocionante paseo en lancha r\u00e1pida, un servicio atento y un delicioso almuerzo servido en un Beach Club<\/p>\n<p>Sum\u00e9rgete en la belleza de los arrecifes de coral tropicales llenos de vida marina, como los famosos arrecifes de Colombia o Palancar, as\u00ed como el Santuario de Estrellas de Mar El Cielo, haciendo de esta aventura de snorkel en Cozumel algo realmente excepcional.<\/p>\n<p>*Tour no disponible para:<\/p>\n<ul>\n<li>Menores de 10 a\u00f1os.<\/li>\n<li>Por razones de seguridad, las mujeres embarazadas,<span class=\"aak\">\u00a0\u00a0<\/span>personas con afecciones card\u00edacas y\/o respiratorias; y aquellas con lesiones en la espalda\/cuello no pueden participar.<br \/>\nPor regulaciones federales el uso de protector solar est\u00e1 prohibido.<\/li>\n<\/ul>\n","protected":false},"excerpt":{"rendered":"<p>[English] Esta experiencia din\u00e1mica y aventurera asegura una exploraci\u00f3n de los mejores sitios de snorkel, incluyendo el banco de arena El Cielo, lleno de estrellas de mar. Ya sea por la emoci\u00f3n del snorkel en los mejores arrecifes o por la belleza tranquila de El Cielo, cada momento promete una experiencia inolvidable.<\/p>\n","protected":false},"featured_media":987499039,"template":"","meta":{"_acf_changed":false,"_et_pb_use_builder":"","_et_pb_old_content":"[English] ","_et_gb_content_width":"","inline_featured_image":false,"_joinchat":[]},"product_brand":[],"product_cat":[160,165,164,167,166,158,176],"product_tag":[],"class_list":{"0":"post-987499847","1":"product","2":"type-product","3":"status-publish","4":"has-post-thumbnail","6":"product_cat-aquatic-nature","7":"product_cat-excursions-from-cancun-and-costa-mujeres","8":"product_cat-excursions-from-playa-del-carmen","9":"product_cat-excursions-from-puerto-morelos","10":"product_cat-excursions-from-tulum","11":"product_cat-excursions-in-riviera-maya","12":"product_cat-snorkeling-excursions-in-the-riviera-maya","14":"first","15":"instock","16":"virtual","17":"sold-individually","18":"purchasable","19":"product-type-booking"},"acf":[],"yoast_head":"<!-- This site is optimized with the Yoast SEO plugin v25.7 - https:\/\/yoast.com\/wordpress\/plugins\/seo\/ -->\n<title>Cozumel Premium \u201cEl Cielo\u201d (Heaven)<\/title>\n<meta name=\"description\" content=\"This dynamic and adventurous experience ensures an exploration of the best snorkeling sites, including El Cielo sandbar, full of starfish.\" \/>\n<meta name=\"robots\" content=\"index, follow, max-snippet:-1, max-image-preview:large, max-video-preview:-1\" \/>\n<link rel=\"canonical\" href=\"https:\/\/xplora.smartclick.es\/en\/cozumel-premium-el-cielo\/\" \/>\n<meta property=\"og:locale\" content=\"en_US\" \/>\n<meta property=\"og:type\" content=\"article\" \/>\n<meta property=\"og:title\" content=\"Cozumel Premium \u201cEl Cielo\u201d (Heaven)\" \/>\n<meta property=\"og:description\" content=\"This dynamic and adventurous experience ensures an exploration of the best snorkeling sites, including El Cielo sandbar, full of starfish.\" \/>\n<meta property=\"og:url\" content=\"https:\/\/xplora.smartclick.es\/en\/cozumel-premium-el-cielo\/\" \/>\n<meta property=\"og:site_name\" content=\"Xplora Riviera\" \/>\n<meta property=\"article:publisher\" content=\"https:\/\/www.facebook.com\/Xplora-Riviera-312871735912609\" \/>\n<meta property=\"article:modified_time\" content=\"2025-08-20T16:27:41+00:00\" \/>\n<meta property=\"og:image\" content=\"https:\/\/xplora.smartclick.es\/wp-content\/uploads\/2025\/02\/Cozumel-Sea-Safari-El-Cielo.webp\" \/>\n\t<meta property=\"og:image:width\" content=\"329\" \/>\n\t<meta property=\"og:image:height\" content=\"550\" \/>\n\t<meta property=\"og:image:type\" content=\"image\/webp\" \/>\n<meta name=\"twitter:card\" content=\"summary_large_image\" \/>\n<meta name=\"twitter:label1\" content=\"Est. reading time\" \/>\n\t<meta name=\"twitter:data1\" content=\"1 minute\" \/>\n<script type=\"application\/ld+json\" class=\"yoast-schema-graph\">{\"@context\":\"https:\/\/schema.org\",\"@graph\":[{\"@type\":\"WebPage\",\"@id\":\"https:\/\/xplora.smartclick.es\/en\/cozumel-premium-el-cielo\/\",\"url\":\"https:\/\/xplora.smartclick.es\/en\/cozumel-premium-el-cielo\/\",\"name\":\"Cozumel Premium \u201cEl Cielo\u201d (Heaven)\",\"isPartOf\":{\"@id\":\"https:\/\/xplora.smartclick.es\/#website\"},\"primaryImageOfPage\":{\"@id\":\"https:\/\/xplora.smartclick.es\/en\/cozumel-premium-el-cielo\/#primaryimage\"},\"image\":{\"@id\":\"https:\/\/xplora.smartclick.es\/en\/cozumel-premium-el-cielo\/#primaryimage\"},\"thumbnailUrl\":\"https:\/\/xplora.smartclick.es\/wp-content\/uploads\/2025\/02\/Cozumel-Sea-Safari-El-Cielo.webp\",\"datePublished\":\"2023-01-23T07:00:29+00:00\",\"dateModified\":\"2025-08-20T16:27:41+00:00\",\"description\":\"This dynamic and adventurous experience ensures an exploration of the best snorkeling sites, including El Cielo sandbar, full of starfish.\",\"breadcrumb\":{\"@id\":\"https:\/\/xplora.smartclick.es\/en\/cozumel-premium-el-cielo\/#breadcrumb\"},\"inLanguage\":\"en-US\",\"potentialAction\":[{\"@type\":\"ReadAction\",\"target\":[\"https:\/\/xplora.smartclick.es\/en\/cozumel-premium-el-cielo\/\"]}]},{\"@type\":\"ImageObject\",\"inLanguage\":\"en-US\",\"@id\":\"https:\/\/xplora.smartclick.es\/en\/cozumel-premium-el-cielo\/#primaryimage\",\"url\":\"https:\/\/xplora.smartclick.es\/wp-content\/uploads\/2025\/02\/Cozumel-Sea-Safari-El-Cielo.webp\",\"contentUrl\":\"https:\/\/xplora.smartclick.es\/wp-content\/uploads\/2025\/02\/Cozumel-Sea-Safari-El-Cielo.webp\",\"width\":329,\"height\":550},{\"@type\":\"BreadcrumbList\",\"@id\":\"https:\/\/xplora.smartclick.es\/en\/cozumel-premium-el-cielo\/#breadcrumb\",\"itemListElement\":[{\"@type\":\"ListItem\",\"position\":1,\"name\":\"[English] INICIO\",\"item\":\"https:\/\/xplora.smartclick.es\/en\/inicio\/\"},{\"@type\":\"ListItem\",\"position\":2,\"name\":\"Tienda\",\"item\":\"https:\/\/xplora.smartclick.es\/?page_id=587\"},{\"@type\":\"ListItem\",\"position\":3,\"name\":\"Excursiones en Riviera Maya\",\"item\":\"https:\/\/xplora.smartclick.es\/tours-riviera-maya\/\"},{\"@type\":\"ListItem\",\"position\":4,\"name\":\"[English] Excursi\u00f3n Premium a Cozumel en lancha\"}]},{\"@type\":\"WebSite\",\"@id\":\"https:\/\/xplora.smartclick.es\/#website\",\"url\":\"https:\/\/xplora.smartclick.es\/\",\"name\":\"Xplora Riviera\",\"description\":\"Tours y Aventura en Riviera Maya y Punta Cana\",\"publisher\":{\"@id\":\"https:\/\/xplora.smartclick.es\/#organization\"},\"potentialAction\":[{\"@type\":\"SearchAction\",\"target\":{\"@type\":\"EntryPoint\",\"urlTemplate\":\"https:\/\/xplora.smartclick.es\/?s={search_term_string}\"},\"query-input\":{\"@type\":\"PropertyValueSpecification\",\"valueRequired\":true,\"valueName\":\"search_term_string\"}}],\"inLanguage\":\"en-US\"},{\"@type\":\"Organization\",\"@id\":\"https:\/\/xplora.smartclick.es\/#organization\",\"name\":\"[English] Excursiones Riviera Maya Xplora Riviera\",\"url\":\"https:\/\/xplora.smartclick.es\/\",\"logo\":{\"@type\":\"ImageObject\",\"inLanguage\":\"en-US\",\"@id\":\"https:\/\/xplora.smartclick.es\/#\/schema\/logo\/image\/\",\"url\":\"\",\"contentUrl\":\"\",\"caption\":\"[English] Excursiones Riviera Maya Xplora Riviera\"},\"image\":{\"@id\":\"https:\/\/xplora.smartclick.es\/#\/schema\/logo\/image\/\"},\"sameAs\":[\"https:\/\/www.facebook.com\/Xplora-Riviera-312871735912609\",\"https:\/\/www.instagram.com\/xplora_riviera\/\"]}]}<\/script>\n<!-- \/ Yoast SEO plugin. -->","yoast_head_json":{"title":"Cozumel Premium \u201cEl Cielo\u201d (Heaven)","description":"This dynamic and adventurous experience ensures an exploration of the best snorkeling sites, including El Cielo sandbar, full of starfish.","robots":{"index":"index","follow":"follow","max-snippet":"max-snippet:-1","max-image-preview":"max-image-preview:large","max-video-preview":"max-video-preview:-1"},"canonical":"https:\/\/xplora.smartclick.es\/en\/cozumel-premium-el-cielo\/","og_locale":"en_US","og_type":"article","og_title":"Cozumel Premium \u201cEl Cielo\u201d (Heaven)","og_description":"This dynamic and adventurous experience ensures an exploration of the best snorkeling sites, including El Cielo sandbar, full of starfish.","og_url":"https:\/\/xplora.smartclick.es\/en\/cozumel-premium-el-cielo\/","og_site_name":"Xplora Riviera","article_publisher":"https:\/\/www.facebook.com\/Xplora-Riviera-312871735912609","article_modified_time":"2025-08-20T16:27:41+00:00","og_image":[{"width":329,"height":550,"url":"https:\/\/xplora.smartclick.es\/wp-content\/uploads\/2025\/02\/Cozumel-Sea-Safari-El-Cielo.webp","type":"image\/webp"}],"twitter_card":"summary_large_image","twitter_misc":{"Est. reading time":"1 minute"},"schema":{"@context":"https:\/\/schema.org","@graph":[{"@type":"WebPage","@id":"https:\/\/xplora.smartclick.es\/en\/cozumel-premium-el-cielo\/","url":"https:\/\/xplora.smartclick.es\/en\/cozumel-premium-el-cielo\/","name":"Cozumel Premium \u201cEl Cielo\u201d (Heaven)","isPartOf":{"@id":"https:\/\/xplora.smartclick.es\/#website"},"primaryImageOfPage":{"@id":"https:\/\/xplora.smartclick.es\/en\/cozumel-premium-el-cielo\/#primaryimage"},"image":{"@id":"https:\/\/xplora.smartclick.es\/en\/cozumel-premium-el-cielo\/#primaryimage"},"thumbnailUrl":"https:\/\/xplora.smartclick.es\/wp-content\/uploads\/2025\/02\/Cozumel-Sea-Safari-El-Cielo.webp","datePublished":"2023-01-23T07:00:29+00:00","dateModified":"2025-08-20T16:27:41+00:00","description":"This dynamic and adventurous experience ensures an exploration of the best snorkeling sites, including El Cielo sandbar, full of starfish.","breadcrumb":{"@id":"https:\/\/xplora.smartclick.es\/en\/cozumel-premium-el-cielo\/#breadcrumb"},"inLanguage":"en-US","potentialAction":[{"@type":"ReadAction","target":["https:\/\/xplora.smartclick.es\/en\/cozumel-premium-el-cielo\/"]}]},{"@type":"ImageObject","inLanguage":"en-US","@id":"https:\/\/xplora.smartclick.es\/en\/cozumel-premium-el-cielo\/#primaryimage","url":"https:\/\/xplora.smartclick.es\/wp-content\/uploads\/2025\/02\/Cozumel-Sea-Safari-El-Cielo.webp","contentUrl":"https:\/\/xplora.smartclick.es\/wp-content\/uploads\/2025\/02\/Cozumel-Sea-Safari-El-Cielo.webp","width":329,"height":550},{"@type":"BreadcrumbList","@id":"https:\/\/xplora.smartclick.es\/en\/cozumel-premium-el-cielo\/#breadcrumb","itemListElement":[{"@type":"ListItem","position":1,"name":"[English] INICIO","item":"https:\/\/xplora.smartclick.es\/en\/inicio\/"},{"@type":"ListItem","position":2,"name":"Tienda","item":"https:\/\/xplora.smartclick.es\/?page_id=587"},{"@type":"ListItem","position":3,"name":"Excursiones en Riviera Maya","item":"https:\/\/xplora.smartclick.es\/tours-riviera-maya\/"},{"@type":"ListItem","position":4,"name":"[English] Excursi\u00f3n Premium a Cozumel en lancha"}]},{"@type":"WebSite","@id":"https:\/\/xplora.smartclick.es\/#website","url":"https:\/\/xplora.smartclick.es\/","name":"Xplora Riviera","description":"Tours y Aventura en Riviera Maya y Punta Cana","publisher":{"@id":"https:\/\/xplora.smartclick.es\/#organization"},"potentialAction":[{"@type":"SearchAction","target":{"@type":"EntryPoint","urlTemplate":"https:\/\/xplora.smartclick.es\/?s={search_term_string}"},"query-input":{"@type":"PropertyValueSpecification","valueRequired":true,"valueName":"search_term_string"}}],"inLanguage":"en-US"},{"@type":"Organization","@id":"https:\/\/xplora.smartclick.es\/#organization","name":"[English] Excursiones Riviera Maya Xplora Riviera","url":"https:\/\/xplora.smartclick.es\/","logo":{"@type":"ImageObject","inLanguage":"en-US","@id":"https:\/\/xplora.smartclick.es\/#\/schema\/logo\/image\/","url":"","contentUrl":"","caption":"[English] Excursiones Riviera Maya Xplora Riviera"},"image":{"@id":"https:\/\/xplora.smartclick.es\/#\/schema\/logo\/image\/"},"sameAs":["https:\/\/www.facebook.com\/Xplora-Riviera-312871735912609","https:\/\/www.instagram.com\/xplora_riviera\/"]}]}},"_links":{"self":[{"href":"https:\/\/xplora.smartclick.es\/en\/wp-json\/wp\/v2\/product\/987499847","targetHints":{"allow":["GET"]}}],"collection":[{"href":"https:\/\/xplora.smartclick.es\/en\/wp-json\/wp\/v2\/product"}],"about":[{"href":"https:\/\/xplora.smartclick.es\/en\/wp-json\/wp\/v2\/types\/product"}],"wp:featuredmedia":[{"embeddable":true,"href":"https:\/\/xplora.smartclick.es\/en\/wp-json\/wp\/v2\/media\/987499039"}],"wp:attachment":[{"href":"https:\/\/xplora.smartclick.es\/en\/wp-json\/wp\/v2\/media?parent=987499847"}],"wp:term":[{"taxonomy":"product_brand","embeddable":true,"href":"https:\/\/xplora.smartclick.es\/en\/wp-json\/wp\/v2\/product_brand?post=987499847"},{"taxonomy":"product_cat","embeddable":true,"href":"https:\/\/xplora.smartclick.es\/en\/wp-json\/wp\/v2\/product_cat?post=987499847"},{"taxonomy":"product_tag","embeddable":true,"href":"https:\/\/xplora.smartclick.es\/en\/wp-json\/wp\/v2\/product_tag?post=987499847"}],"curies":[{"name":"wp","href":"https:\/\/api.w.org\/{rel}","templated":true}]}}