{"id":987499860,"date":"2023-01-22T06:56:20","date_gmt":"2023-01-22T06:56:20","guid":{"rendered":"https:\/\/xplorariviera.com\/quad-biking-with-cenotes-in-akumal\/"},"modified":"2025-08-20T16:27:43","modified_gmt":"2025-08-20T16:27:43","slug":"aventura-en-quads","status":"publish","type":"product","link":"https:\/\/xplora.smartclick.es\/en\/aventura-en-quads\/","title":{"rendered":"[English] Excursi\u00f3n en Quads con cenotes en Akumal"},"content":{"rendered":"<p>[English] Emb\u00e1rcate en una emocionante aventura con nuestra <strong>excursi\u00f3n en Quads con cenotes en Akumal<\/strong>. Tu experiencia comienza con la recogida en tu hotel, desde donde te dirigir\u00e1s a nuestro <strong>campo base ubicado en la exuberante jungla alta de Akumal<\/strong>. All\u00ed, te equipar\u00e1s con el equipo de seguridad necesario y recibir\u00e1s instrucciones de nuestros gu\u00edas expertos. Luego, repartiremos los quads para comenzar tu aventura sobre ruedas.<\/p>\n<p>Recorrer\u00e1s 16 kil\u00f3metros en quad a trav\u00e9s de la selva de Akumal, explorando el lado m\u00e1s salvaje de la Riviera Maya. En el camino <strong>visitar\u00e1s una caverna y te ba\u00f1ar\u00e1s en dos exclusivos cenotes tipo cueva<\/strong>, donde incluso podr\u00edas encontrar huellas de jaguar, ya que suelen acercarse por la noche para beber. Tambi\u00e9n disfrutar\u00e1s de una<strong> tirolina<\/strong> de 27mts de altura que te har\u00e1 a\u00fan vivir m\u00e1s esta aventura.<\/p>\n<p>Finalmente, regresar\u00e1s al campo base, donde te recoger\u00e1n para llevarte de vuelta a tu hotel.<\/p>\n<p><em>* Tour no apto para embarazadas, personas con problemas de espalda y ni\u00f1os menores de 6 a\u00f1os <\/em><\/p>\n<p><em>* Dependiendo de la ubicaci\u00f3n del hotel podr\u00e1 haber transbordo en el transporte debido a la operaci\u00f3n del tour. No se hace recogida en Hoteles de Canc\u00fan<\/em><\/p>\n<p>* <em>Por seguridad, est\u00e1 prohibido grabar durante el recorrido en quad.<\/em><\/p>\n","protected":false},"excerpt":{"rendered":"<p>[English] Si est\u00e1s buscando una aventura inolvidable, est\u00e1s en el lugar correcto. Comenzar\u00e1s tu recorrido en quad atravesando 16 kil\u00f3metros por la frondosa jungla de Akumal. Los sinuosos senderos te llevar\u00e1n hasta dos tesoros naturales, dos incre\u00edbles y salvajes cenotes exclusivos escondidos dentro de la selva, conocidos con el nombre de Alux y Jaguar. Aqu\u00ed tendr\u00e1s la oportunidad de refrescarte y disfrutar de la libertad de conducir nuestros quads Yamaha de 350cc. Tambi\u00e9n visitar\u00e1s una impresionante caverna en la que podr\u00e1s maravillarte con las formaciones rocosas de su interior. Como guinda final, podr\u00e1s tirarte en una\u00a0 tirolina de 27mts de altura.<\/p>\n<p>Elige si deseas conducir en solitario o compartir esta emocionante experiencia con tu pareja. \u00bfTe lo vas a perder?<\/p>\n","protected":false},"featured_media":987498526,"template":"","meta":{"_acf_changed":false,"_et_pb_use_builder":"","_et_pb_old_content":"[English] ","_et_gb_content_width":"","inline_featured_image":false,"_joinchat":[]},"product_brand":[],"product_cat":[169,160,164,166,158,163,168,161,177],"product_tag":[],"class_list":{"0":"post-987499860","1":"product","2":"type-product","3":"status-publish","4":"has-post-thumbnail","6":"product_cat-adventure-en","7":"product_cat-aquatic-nature","8":"product_cat-excursions-from-playa-del-carmen","9":"product_cat-excursions-from-tulum","10":"product_cat-excursions-in-riviera-maya","11":"product_cat-excursions-to-cenotes","12":"product_cat-low-margin","13":"product_cat-nature-en","14":"product_cat-quad-excursions-in-the-riviera-maya","15":"yith_booking_service-individual-quiero-reservar-un-quad-para-mi-solo-a","17":"first","18":"instock","19":"virtual","20":"sold-individually","21":"purchasable","22":"product-type-booking"},"acf":[],"yoast_head":"<!-- This site is optimized with the Yoast SEO plugin v25.7 - https:\/\/yoast.com\/wordpress\/plugins\/seo\/ -->\n<title>Quad Biking: Akumal Jungle, Alux and Jaguar Cenotes (Riviera Maya) - Xplora Riviera<\/title>\n<meta name=\"description\" content=\"Don&#039;t miss our quad biking tour! Discover the Akumal jungle in the Riviera Maya and its cenotes in the most adventurous way. Are you going to miss it?\" \/>\n<meta name=\"robots\" content=\"index, follow, max-snippet:-1, max-image-preview:large, max-video-preview:-1\" \/>\n<link rel=\"canonical\" href=\"https:\/\/xplora.smartclick.es\/en\/aventura-en-quads\/\" \/>\n<meta property=\"og:locale\" content=\"en_US\" \/>\n<meta property=\"og:type\" content=\"article\" \/>\n<meta property=\"og:title\" content=\"Quad Biking: Akumal Jungle, Alux and Jaguar Cenotes (Riviera Maya) - Xplora Riviera\" \/>\n<meta property=\"og:description\" content=\"Don&#039;t miss our quad biking tour! Discover the Akumal jungle in the Riviera Maya and its cenotes in the most adventurous way. Are you going to miss it?\" \/>\n<meta property=\"og:url\" content=\"https:\/\/xplora.smartclick.es\/en\/aventura-en-quads\/\" \/>\n<meta property=\"og:site_name\" content=\"Xplora Riviera\" \/>\n<meta property=\"article:publisher\" content=\"https:\/\/www.facebook.com\/Xplora-Riviera-312871735912609\" \/>\n<meta property=\"article:modified_time\" content=\"2025-08-20T16:27:43+00:00\" \/>\n<meta property=\"og:image\" content=\"https:\/\/xplora.smartclick.es\/wp-content\/uploads\/2021\/12\/quad.png\" \/>\n\t<meta property=\"og:image:width\" content=\"329\" \/>\n\t<meta property=\"og:image:height\" content=\"550\" \/>\n\t<meta property=\"og:image:type\" content=\"image\/png\" \/>\n<meta name=\"twitter:card\" content=\"summary_large_image\" \/>\n<meta name=\"twitter:label1\" content=\"Est. reading time\" \/>\n\t<meta name=\"twitter:data1\" content=\"1 minute\" \/>\n<script type=\"application\/ld+json\" class=\"yoast-schema-graph\">{\"@context\":\"https:\/\/schema.org\",\"@graph\":[{\"@type\":\"WebPage\",\"@id\":\"https:\/\/xplora.smartclick.es\/en\/aventura-en-quads\/\",\"url\":\"https:\/\/xplora.smartclick.es\/en\/aventura-en-quads\/\",\"name\":\"Quad Biking: Akumal Jungle, Alux and Jaguar Cenotes (Riviera Maya) - Xplora Riviera\",\"isPartOf\":{\"@id\":\"https:\/\/xplora.smartclick.es\/#website\"},\"primaryImageOfPage\":{\"@id\":\"https:\/\/xplora.smartclick.es\/en\/aventura-en-quads\/#primaryimage\"},\"image\":{\"@id\":\"https:\/\/xplora.smartclick.es\/en\/aventura-en-quads\/#primaryimage\"},\"thumbnailUrl\":\"https:\/\/xplora.smartclick.es\/wp-content\/uploads\/2021\/12\/quad.png\",\"datePublished\":\"2023-01-22T06:56:20+00:00\",\"dateModified\":\"2025-08-20T16:27:43+00:00\",\"description\":\"Don't miss our quad biking tour! Discover the Akumal jungle in the Riviera Maya and its cenotes in the most adventurous way. Are you going to miss it?\",\"breadcrumb\":{\"@id\":\"https:\/\/xplora.smartclick.es\/en\/aventura-en-quads\/#breadcrumb\"},\"inLanguage\":\"en-US\",\"potentialAction\":[{\"@type\":\"ReadAction\",\"target\":[\"https:\/\/xplora.smartclick.es\/en\/aventura-en-quads\/\"]}]},{\"@type\":\"ImageObject\",\"inLanguage\":\"en-US\",\"@id\":\"https:\/\/xplora.smartclick.es\/en\/aventura-en-quads\/#primaryimage\",\"url\":\"https:\/\/xplora.smartclick.es\/wp-content\/uploads\/2021\/12\/quad.png\",\"contentUrl\":\"https:\/\/xplora.smartclick.es\/wp-content\/uploads\/2021\/12\/quad.png\",\"width\":329,\"height\":550},{\"@type\":\"BreadcrumbList\",\"@id\":\"https:\/\/xplora.smartclick.es\/en\/aventura-en-quads\/#breadcrumb\",\"itemListElement\":[{\"@type\":\"ListItem\",\"position\":1,\"name\":\"[English] INICIO\",\"item\":\"https:\/\/xplora.smartclick.es\/en\/inicio\/\"},{\"@type\":\"ListItem\",\"position\":2,\"name\":\"Tienda\",\"item\":\"https:\/\/xplora.smartclick.es\/?page_id=587\"},{\"@type\":\"ListItem\",\"position\":3,\"name\":\"Excursiones en Riviera Maya\",\"item\":\"https:\/\/xplora.smartclick.es\/tours-riviera-maya\/\"},{\"@type\":\"ListItem\",\"position\":4,\"name\":\"[English] Excursi\u00f3n en Quads con cenotes en Akumal\"}]},{\"@type\":\"WebSite\",\"@id\":\"https:\/\/xplora.smartclick.es\/#website\",\"url\":\"https:\/\/xplora.smartclick.es\/\",\"name\":\"Xplora Riviera\",\"description\":\"Tours y Aventura en Riviera Maya y Punta Cana\",\"publisher\":{\"@id\":\"https:\/\/xplora.smartclick.es\/#organization\"},\"potentialAction\":[{\"@type\":\"SearchAction\",\"target\":{\"@type\":\"EntryPoint\",\"urlTemplate\":\"https:\/\/xplora.smartclick.es\/?s={search_term_string}\"},\"query-input\":{\"@type\":\"PropertyValueSpecification\",\"valueRequired\":true,\"valueName\":\"search_term_string\"}}],\"inLanguage\":\"en-US\"},{\"@type\":\"Organization\",\"@id\":\"https:\/\/xplora.smartclick.es\/#organization\",\"name\":\"[English] Excursiones Riviera Maya Xplora Riviera\",\"url\":\"https:\/\/xplora.smartclick.es\/\",\"logo\":{\"@type\":\"ImageObject\",\"inLanguage\":\"en-US\",\"@id\":\"https:\/\/xplora.smartclick.es\/#\/schema\/logo\/image\/\",\"url\":\"\",\"contentUrl\":\"\",\"caption\":\"[English] Excursiones Riviera Maya Xplora Riviera\"},\"image\":{\"@id\":\"https:\/\/xplora.smartclick.es\/#\/schema\/logo\/image\/\"},\"sameAs\":[\"https:\/\/www.facebook.com\/Xplora-Riviera-312871735912609\",\"https:\/\/www.instagram.com\/xplora_riviera\/\"]}]}<\/script>\n<!-- \/ Yoast SEO plugin. -->","yoast_head_json":{"title":"Quad Biking: Akumal Jungle, Alux and Jaguar Cenotes (Riviera Maya) - Xplora Riviera","description":"Don't miss our quad biking tour! Discover the Akumal jungle in the Riviera Maya and its cenotes in the most adventurous way. Are you going to miss it?","robots":{"index":"index","follow":"follow","max-snippet":"max-snippet:-1","max-image-preview":"max-image-preview:large","max-video-preview":"max-video-preview:-1"},"canonical":"https:\/\/xplora.smartclick.es\/en\/aventura-en-quads\/","og_locale":"en_US","og_type":"article","og_title":"Quad Biking: Akumal Jungle, Alux and Jaguar Cenotes (Riviera Maya) - Xplora Riviera","og_description":"Don't miss our quad biking tour! Discover the Akumal jungle in the Riviera Maya and its cenotes in the most adventurous way. Are you going to miss it?","og_url":"https:\/\/xplora.smartclick.es\/en\/aventura-en-quads\/","og_site_name":"Xplora Riviera","article_publisher":"https:\/\/www.facebook.com\/Xplora-Riviera-312871735912609","article_modified_time":"2025-08-20T16:27:43+00:00","og_image":[{"width":329,"height":550,"url":"https:\/\/xplora.smartclick.es\/wp-content\/uploads\/2021\/12\/quad.png","type":"image\/png"}],"twitter_card":"summary_large_image","twitter_misc":{"Est. reading time":"1 minute"},"schema":{"@context":"https:\/\/schema.org","@graph":[{"@type":"WebPage","@id":"https:\/\/xplora.smartclick.es\/en\/aventura-en-quads\/","url":"https:\/\/xplora.smartclick.es\/en\/aventura-en-quads\/","name":"Quad Biking: Akumal Jungle, Alux and Jaguar Cenotes (Riviera Maya) - Xplora Riviera","isPartOf":{"@id":"https:\/\/xplora.smartclick.es\/#website"},"primaryImageOfPage":{"@id":"https:\/\/xplora.smartclick.es\/en\/aventura-en-quads\/#primaryimage"},"image":{"@id":"https:\/\/xplora.smartclick.es\/en\/aventura-en-quads\/#primaryimage"},"thumbnailUrl":"https:\/\/xplora.smartclick.es\/wp-content\/uploads\/2021\/12\/quad.png","datePublished":"2023-01-22T06:56:20+00:00","dateModified":"2025-08-20T16:27:43+00:00","description":"Don't miss our quad biking tour! Discover the Akumal jungle in the Riviera Maya and its cenotes in the most adventurous way. Are you going to miss it?","breadcrumb":{"@id":"https:\/\/xplora.smartclick.es\/en\/aventura-en-quads\/#breadcrumb"},"inLanguage":"en-US","potentialAction":[{"@type":"ReadAction","target":["https:\/\/xplora.smartclick.es\/en\/aventura-en-quads\/"]}]},{"@type":"ImageObject","inLanguage":"en-US","@id":"https:\/\/xplora.smartclick.es\/en\/aventura-en-quads\/#primaryimage","url":"https:\/\/xplora.smartclick.es\/wp-content\/uploads\/2021\/12\/quad.png","contentUrl":"https:\/\/xplora.smartclick.es\/wp-content\/uploads\/2021\/12\/quad.png","width":329,"height":550},{"@type":"BreadcrumbList","@id":"https:\/\/xplora.smartclick.es\/en\/aventura-en-quads\/#breadcrumb","itemListElement":[{"@type":"ListItem","position":1,"name":"[English] INICIO","item":"https:\/\/xplora.smartclick.es\/en\/inicio\/"},{"@type":"ListItem","position":2,"name":"Tienda","item":"https:\/\/xplora.smartclick.es\/?page_id=587"},{"@type":"ListItem","position":3,"name":"Excursiones en Riviera Maya","item":"https:\/\/xplora.smartclick.es\/tours-riviera-maya\/"},{"@type":"ListItem","position":4,"name":"[English] Excursi\u00f3n en Quads con cenotes en Akumal"}]},{"@type":"WebSite","@id":"https:\/\/xplora.smartclick.es\/#website","url":"https:\/\/xplora.smartclick.es\/","name":"Xplora Riviera","description":"Tours y Aventura en Riviera Maya y Punta Cana","publisher":{"@id":"https:\/\/xplora.smartclick.es\/#organization"},"potentialAction":[{"@type":"SearchAction","target":{"@type":"EntryPoint","urlTemplate":"https:\/\/xplora.smartclick.es\/?s={search_term_string}"},"query-input":{"@type":"PropertyValueSpecification","valueRequired":true,"valueName":"search_term_string"}}],"inLanguage":"en-US"},{"@type":"Organization","@id":"https:\/\/xplora.smartclick.es\/#organization","name":"[English] Excursiones Riviera Maya Xplora Riviera","url":"https:\/\/xplora.smartclick.es\/","logo":{"@type":"ImageObject","inLanguage":"en-US","@id":"https:\/\/xplora.smartclick.es\/#\/schema\/logo\/image\/","url":"","contentUrl":"","caption":"[English] Excursiones Riviera Maya Xplora Riviera"},"image":{"@id":"https:\/\/xplora.smartclick.es\/#\/schema\/logo\/image\/"},"sameAs":["https:\/\/www.facebook.com\/Xplora-Riviera-312871735912609","https:\/\/www.instagram.com\/xplora_riviera\/"]}]}},"_links":{"self":[{"href":"https:\/\/xplora.smartclick.es\/en\/wp-json\/wp\/v2\/product\/987499860","targetHints":{"allow":["GET"]}}],"collection":[{"href":"https:\/\/xplora.smartclick.es\/en\/wp-json\/wp\/v2\/product"}],"about":[{"href":"https:\/\/xplora.smartclick.es\/en\/wp-json\/wp\/v2\/types\/product"}],"wp:featuredmedia":[{"embeddable":true,"href":"https:\/\/xplora.smartclick.es\/en\/wp-json\/wp\/v2\/media\/987498526"}],"wp:attachment":[{"href":"https:\/\/xplora.smartclick.es\/en\/wp-json\/wp\/v2\/media?parent=987499860"}],"wp:term":[{"taxonomy":"product_brand","embeddable":true,"href":"https:\/\/xplora.smartclick.es\/en\/wp-json\/wp\/v2\/product_brand?post=987499860"},{"taxonomy":"product_cat","embeddable":true,"href":"https:\/\/xplora.smartclick.es\/en\/wp-json\/wp\/v2\/product_cat?post=987499860"},{"taxonomy":"product_tag","embeddable":true,"href":"https:\/\/xplora.smartclick.es\/en\/wp-json\/wp\/v2\/product_tag?post=987499860"}],"curies":[{"name":"wp","href":"https:\/\/api.w.org\/{rel}","templated":true}]}}